{"id":568,"date":"2012-12-07T15:56:22","date_gmt":"2012-12-07T14:56:22","guid":{"rendered":"http:\/\/adriatiqa598432.infonova.si\/?page_id=568"},"modified":"2022-08-04T12:46:47","modified_gmt":"2022-08-04T10:46:47","slug":"pogosta-vprasanja-o-tolmacenju","status":"publish","type":"page","link":"https:\/\/www.adriatiqa.com\/sl\/storitve\/tolmacenje\/pogosta-vprasanja-o-tolmacenju\/","title":{"rendered":"Pogosta vpra\u0161anja o tolma\u010denju"},"content":{"rendered":"<div class=\"wpb-content-wrapper\"><p>[vc_row][vc_column][vc_column_text width=&#8221;1\/1&#8243; el_position=&#8221;first last&#8221;]<\/p>\n<div>\n<div>\n<div>\n<p>Odgovarjamo na najbolj <strong>pogosta<\/strong> <strong>vpra\u0161anja<\/strong> <strong>o<\/strong> <strong>tolma\u010denju<\/strong>: kak\u0161na je razlika med konsekutivnim in simultanim tolma\u010denjem, katere jezike tolma\u010dimo, kak\u0161na je cena tolma\u010denja ipd.<\/p>\n<p>\u010ce na kaka vpra\u0161anja nismo odgovorili, nas kontaktirajte na info@adriatiqa.com ali 01 511 31 46.\u00a0 Z veseljem bomo odgovorili nanje.<\/p>\n<\/div>\n<\/div>\n<\/div>\n<p>[\/vc_column_text][vc_toggle title=&#8221;Kak\u0161na je razlika med simultanim in konsekutivnim tolma\u010denjem?&#8221; width=&#8221;1\/1&#8243; el_position=&#8221;first last&#8221;]<\/p>\n<p><a title=\"Simultano tolma\u010denje\" href=\"https:\/\/www.adriatiqa.com\/sl\/storitve\/tolmacenje\/simultano-tolmacenje\/\"><strong>Simultano tolma\u010denje<\/strong><\/a>\u00a0poteka sproti, tolma\u010d dela v\u00a0posebni kabini, ob\u010dinstvo pa ga poslu\u0161a prek slu\u0161alk. Pri <a title=\"Konsekutivno tolma\u010denje\" href=\"https:\/\/www.adriatiqa.com\/sl\/storitve\/tolmacenje\/konsekutivno-tolmacenje\/\"><strong>konsekutivnem tolma\u010denj<\/strong><strong>u<\/strong><\/a> pa govorec med stavki dela premore, v\u00a0katerih prevajalec ponovi povedano v\u00a0drugem jeziku. Konsekutivno tolma\u010denje zagotavlja ve\u010djo natan\u010dnost in bolj pozorno sledenje tudi tonu glasu govorca in poudarkom. Ker za konsekutivno <strong>tolma\u010denje<\/strong> ne potrebujete posebne tehni\u010dne opreme, v\u00a0primerjavi s\u00a0simultanim predstavlja ni\u017eji stro\u0161ek.<\/p>\n<p>[\/vc_toggle][vc_empty_space height=&#8221;5&#8243;][vc_toggle title=&#8221;Ali naj izberem simultano ali konsekutivno tolma\u010denje?&#8221; width=&#8221;1\/1&#8243; el_position=&#8221;first last&#8221;]<\/p>\n<p>\u010ce pripravljate seminar, konferenco, kongres ali razpravo, kjer pri\u010dakujete veliko \u0161tevilo udele\u017eencev, je primernej\u0161a izbira <a title=\"Simultano tolma\u010denje\" href=\"https:\/\/www.adriatiqa.com\/sl\/storitve\/tolmacenje\/simultano-tolmacenje\/\"><strong>simultano tolma\u010denje<\/strong><\/a>. Za simultano <strong>tolma\u010denje<\/strong> boste potrebovali \u0161e posebno tehni\u010dno opremo: kabine in mikrofone za govorce ter slu\u0161alke za udele\u017eence. Opremo lahko najamete prek nas in tako celotno skrb za zagotavljanje tolma\u010denja zaupate nam. Simultano prevajanje je bolj\u0161e tudi takrat, ko potrebujete tolma\u010denje med ve\u010d kot dvema jezikoma.<\/p>\n<p>[\/vc_toggle][vc_empty_space height=&#8221;5&#8243;][vc_toggle title=&#8221;Ali lahko pri vas najamem tehni\u010dno opremo za tolma\u010denje?&#8221; width=&#8221;1\/1&#8243; el_position=&#8221;first last&#8221;]<\/p>\n<p>Da, zagotavljamo celotno tehni\u010dno opremo za tolma\u010denje, poleg tega poskrbimo tudi za primerno namestitev opreme in test delovanja opreme pred za\u010detkom dogodka.<\/p>\n<p>[\/vc_toggle][vc_empty_space height=&#8221;5&#8243;][vc_toggle title=&#8221;Koliko \u010dasa pred dogodkom moram naro\u010diti tolma\u010denje?&#8221; width=&#8221;1\/1&#8243; el_position=&#8221;first last&#8221;]<\/p>\n<p>Najbolje je, da tolma\u010denje naro\u010dite \u017ee ve\u010d tednov pred dogodkom. Tako je na voljo dovolj \u010dasa, da priskrbite vso potrebno gradivo za tolma\u010de. Organizator tolma\u010denja si bo prav tako lahko ogledal prostor, kjer bo <strong>tolma\u010denje<\/strong> potekalo, in predvidel postavitev potrebne tehni\u010dne opreme.<\/p>\n<p>Podatki, po katerih vas bomo vpra\u0161ali ob <a title=\"Tolma\u010denje\" href=\"https:\/\/www.adriatiqa.com\/sl\/storitve\/tolmacenje\/\"><strong>naro\u010dilu tolma\u010denja<\/strong><\/a>,\u00a0so:<\/p>\n<ul>\n<li>za kak\u0161no prilo\u017enost potrebujete tolma\u010denje: kaj bo tema, kdo bodo udele\u017eenci in govorci, kako dolg bo dogodek in kje bo potekal,<\/li>\n<li>za katere jezikovne kombinacije potrebujete tolma\u010denje,<\/li>\n<li>koliko udele\u017eencev pri\u010dakujete,<\/li>\n<li>ali potrebujete tudi tehni\u010dno opremo za simultano tolma\u010denje.<\/li>\n<\/ul>\n<p>[\/vc_toggle][vc_empty_space height=&#8221;5&#8243;][vc_toggle title=&#8221;Ali zagotavljate tolma\u010denje tudi na strokovnih sre\u010danjih (npr: medicina, finance)?&#8221; width=&#8221;1\/1&#8243; el_position=&#8221;first last&#8221;]<\/p>\n<p>Da. Sodelujemo z\u00a0najbolj\u0161imi in izku\u0161enimi tolma\u010di, ki so sodelovali \u017ee na \u0161tevilnih strokovnih sre\u010danjih z\u00a0razli\u010dnih podro\u010dij. Za vsako novo naro\u010dilo se \u0161e posebej pripravijo in poglobijo v\u00a0gradivo za dogodek ter strokovno terminologijo s\u00a0tega podro\u010dja.<\/p>\n<p>[\/vc_toggle][vc_empty_space height=&#8221;5&#8243;][vc_toggle title=&#8221;Katere informacije potrebujejo tolma\u010di, da lahko opravljajo svoje delo?&#8221; width=&#8221;1\/1&#8243; el_position=&#8221;first last&#8221;]<\/p>\n<p>Tolma\u010di potrebujejo vso gradivo, ki ga imate na voljo, in je povezano z\u00a0va\u0161im dogodkom. S\u00a0pomo\u010djo gradiva se bodo pripravili na vsebine posameznih predavanj in bodo lahko dobro opravili svoje delo, tudi \u010de bo govorec govoril slabo razumljivo. Pripravili si bodo tudi lastne slovarje izrazov, ki so pomembni za va\u0161e sre\u010danje.<\/p>\n<p>[\/vc_toggle][vc_empty_space height=&#8221;5&#8243;][vc_toggle title=&#8221;Koliko \u010dasa potrebujete za sodno overjeni prevod listine?&#8221; width=&#8221;1\/1&#8243; el_position=&#8221;first last&#8221;]<\/p>\n<p>Odvisno od obsega besedila, ki ga je potrebno prevesti, in \u017eelene jezikovne kombinacije. Obi\u010dajno do 10 strani <a title=\"Sodni prevodi\" href=\"https:\/\/www.adriatiqa.com\/sl\/sodni-prevodi\/\">sodnega prevoda<\/a> zagotovimo v 2-3 dneh, lahko pa tudi hitreje, \u010de je to potrebno. Za zelo kratke roke je priporo\u010dljivo, da nam vsaj okvirno \u0161tevilo strani in jezikovno kombinacijo napoveste vnaprej, da rezerviramo pravega sodnega tolma\u010da.<\/p>\n<p>[\/vc_toggle][vc_empty_space height=&#8221;5&#8243;][vc_toggle title=&#8221;Kak\u0161na je cena za sodno overjene prevode?&#8221; width=&#8221;1\/1&#8243; el_position=&#8221;first last&#8221;]<\/p>\n<p>Cena za sodno overjene prevode je od 33 evrov na stran.<\/p>\n<p>[\/vc_toggle][\/vc_column][\/vc_row]<\/p>\n<\/div>","protected":false},"excerpt":{"rendered":"<p>[vc_row][vc_column][vc_column_text width=&#8221;1\/1&#8243; el_position=&#8221;first last&#8221;] Odgovarjamo na najbolj pogosta vpra\u0161anja o tolma\u010denju: kak\u0161na je razlika med konsekutivnim in simultanim tolma\u010denjem, katere&#8230;<\/p>\n","protected":false},"author":2,"featured_media":0,"parent":376,"menu_order":5,"comment_status":"closed","ping_status":"closed","template":"","meta":{"footnotes":""},"class_list":["post-568","page","type-page","status-publish"],"yoast_head":"<!-- This site is optimized with the Yoast SEO plugin v27.4 - https:\/\/yoast.com\/product\/yoast-seo-wordpress\/ -->\n<title>Pogosta vpra\u0161anja o tolma\u010denju | AdriatIQa Prevodi, prevajalska agencija<\/title>\n<meta name=\"description\" content=\"Odgovarjamo na pogosta vpra\u0161anja o tolma\u010denju: kak\u0161na je razlika med simultanim in konsekutivnim tolma\u010denjem, katere jezike tolma\u010dimo, kak\u0161na je cena ipd.\" \/>\n<meta name=\"robots\" content=\"index, follow, max-snippet:-1, max-image-preview:large, max-video-preview:-1\" \/>\n<link rel=\"canonical\" href=\"https:\/\/www.adriatiqa.com\/sl\/storitve\/tolmacenje\/pogosta-vprasanja-o-tolmacenju\/\" \/>\n<meta name=\"twitter:label1\" content=\"Est. reading time\" \/>\n\t<meta name=\"twitter:data1\" content=\"4 minutes\" \/>\n<script type=\"application\/ld+json\" class=\"yoast-schema-graph\">{\"@context\":\"https:\\\/\\\/schema.org\",\"@graph\":[{\"@type\":\"WebPage\",\"@id\":\"https:\\\/\\\/www.adriatiqa.com\\\/sl\\\/storitve\\\/tolmacenje\\\/pogosta-vprasanja-o-tolmacenju\\\/\",\"url\":\"https:\\\/\\\/www.adriatiqa.com\\\/sl\\\/storitve\\\/tolmacenje\\\/pogosta-vprasanja-o-tolmacenju\\\/\",\"name\":\"Pogosta vpra\u0161anja o tolma\u010denju | AdriatIQa Prevodi, prevajalska agencija\",\"isPartOf\":{\"@id\":\"https:\\\/\\\/www.adriatiqa.com\\\/sl\\\/#website\"},\"datePublished\":\"2012-12-07T14:56:22+00:00\",\"dateModified\":\"2022-08-04T10:46:47+00:00\",\"description\":\"Odgovarjamo na pogosta vpra\u0161anja o tolma\u010denju: kak\u0161na je razlika med simultanim in konsekutivnim tolma\u010denjem, katere jezike tolma\u010dimo, kak\u0161na je cena ipd.\",\"breadcrumb\":{\"@id\":\"https:\\\/\\\/www.adriatiqa.com\\\/sl\\\/storitve\\\/tolmacenje\\\/pogosta-vprasanja-o-tolmacenju\\\/#breadcrumb\"},\"inLanguage\":\"sl\",\"potentialAction\":[{\"@type\":\"ReadAction\",\"target\":[\"https:\\\/\\\/www.adriatiqa.com\\\/sl\\\/storitve\\\/tolmacenje\\\/pogosta-vprasanja-o-tolmacenju\\\/\"]}]},{\"@type\":\"BreadcrumbList\",\"@id\":\"https:\\\/\\\/www.adriatiqa.com\\\/sl\\\/storitve\\\/tolmacenje\\\/pogosta-vprasanja-o-tolmacenju\\\/#breadcrumb\",\"itemListElement\":[{\"@type\":\"ListItem\",\"position\":1,\"name\":\"Home\",\"item\":\"https:\\\/\\\/www.adriatiqa.com\\\/sl\\\/\"},{\"@type\":\"ListItem\",\"position\":2,\"name\":\"Storitve\",\"item\":\"https:\\\/\\\/www.adriatiqa.com\\\/sl\\\/storitve\\\/\"},{\"@type\":\"ListItem\",\"position\":3,\"name\":\"Tolma\u010denje\",\"item\":\"https:\\\/\\\/www.adriatiqa.com\\\/sl\\\/storitve\\\/tolmacenje\\\/\"},{\"@type\":\"ListItem\",\"position\":4,\"name\":\"Pogosta vpra\u0161anja o tolma\u010denju\"}]},{\"@type\":\"WebSite\",\"@id\":\"https:\\\/\\\/www.adriatiqa.com\\\/sl\\\/#website\",\"url\":\"https:\\\/\\\/www.adriatiqa.com\\\/sl\\\/\",\"name\":\"AdriatIQa Prevodi, prevajalska agencija\",\"description\":\"Prevajanje, prevod v angle\u0161\u010dino, nem\u0161\u010dino\",\"publisher\":{\"@id\":\"https:\\\/\\\/www.adriatiqa.com\\\/sl\\\/#organization\"},\"potentialAction\":[{\"@type\":\"SearchAction\",\"target\":{\"@type\":\"EntryPoint\",\"urlTemplate\":\"https:\\\/\\\/www.adriatiqa.com\\\/sl\\\/?s={search_term_string}\"},\"query-input\":{\"@type\":\"PropertyValueSpecification\",\"valueRequired\":true,\"valueName\":\"search_term_string\"}}],\"inLanguage\":\"sl\"},{\"@type\":\"Organization\",\"@id\":\"https:\\\/\\\/www.adriatiqa.com\\\/sl\\\/#organization\",\"name\":\"ATE Globalis d.o.o.\",\"url\":\"https:\\\/\\\/www.adriatiqa.com\\\/sl\\\/\",\"logo\":{\"@type\":\"ImageObject\",\"inLanguage\":\"sl\",\"@id\":\"https:\\\/\\\/www.adriatiqa.com\\\/sl\\\/#\\\/schema\\\/logo\\\/image\\\/\",\"url\":\"https:\\\/\\\/www.adriatiqa.com\\\/wp-content\\\/uploads\\\/2012\\\/11\\\/adriatiqa-logo.png\",\"contentUrl\":\"https:\\\/\\\/www.adriatiqa.com\\\/wp-content\\\/uploads\\\/2012\\\/11\\\/adriatiqa-logo.png\",\"width\":297,\"height\":57,\"caption\":\"ATE Globalis d.o.o.\"},\"image\":{\"@id\":\"https:\\\/\\\/www.adriatiqa.com\\\/sl\\\/#\\\/schema\\\/logo\\\/image\\\/\"},\"sameAs\":[\"https:\\\/\\\/www.facebook.com\\\/AdriatIQa\",\"https:\\\/\\\/www.linkedin.com\\\/company\\\/adriatiqa-translations\"]}]}<\/script>\n<!-- \/ Yoast SEO plugin. -->","yoast_head_json":{"title":"Pogosta vpra\u0161anja o tolma\u010denju | AdriatIQa Prevodi, prevajalska agencija","description":"Odgovarjamo na pogosta vpra\u0161anja o tolma\u010denju: kak\u0161na je razlika med simultanim in konsekutivnim tolma\u010denjem, katere jezike tolma\u010dimo, kak\u0161na je cena ipd.","robots":{"index":"index","follow":"follow","max-snippet":"max-snippet:-1","max-image-preview":"max-image-preview:large","max-video-preview":"max-video-preview:-1"},"canonical":"https:\/\/www.adriatiqa.com\/sl\/storitve\/tolmacenje\/pogosta-vprasanja-o-tolmacenju\/","twitter_misc":{"Est. reading time":"4 minutes"},"schema":{"@context":"https:\/\/schema.org","@graph":[{"@type":"WebPage","@id":"https:\/\/www.adriatiqa.com\/sl\/storitve\/tolmacenje\/pogosta-vprasanja-o-tolmacenju\/","url":"https:\/\/www.adriatiqa.com\/sl\/storitve\/tolmacenje\/pogosta-vprasanja-o-tolmacenju\/","name":"Pogosta vpra\u0161anja o tolma\u010denju | AdriatIQa Prevodi, prevajalska agencija","isPartOf":{"@id":"https:\/\/www.adriatiqa.com\/sl\/#website"},"datePublished":"2012-12-07T14:56:22+00:00","dateModified":"2022-08-04T10:46:47+00:00","description":"Odgovarjamo na pogosta vpra\u0161anja o tolma\u010denju: kak\u0161na je razlika med simultanim in konsekutivnim tolma\u010denjem, katere jezike tolma\u010dimo, kak\u0161na je cena ipd.","breadcrumb":{"@id":"https:\/\/www.adriatiqa.com\/sl\/storitve\/tolmacenje\/pogosta-vprasanja-o-tolmacenju\/#breadcrumb"},"inLanguage":"sl","potentialAction":[{"@type":"ReadAction","target":["https:\/\/www.adriatiqa.com\/sl\/storitve\/tolmacenje\/pogosta-vprasanja-o-tolmacenju\/"]}]},{"@type":"BreadcrumbList","@id":"https:\/\/www.adriatiqa.com\/sl\/storitve\/tolmacenje\/pogosta-vprasanja-o-tolmacenju\/#breadcrumb","itemListElement":[{"@type":"ListItem","position":1,"name":"Home","item":"https:\/\/www.adriatiqa.com\/sl\/"},{"@type":"ListItem","position":2,"name":"Storitve","item":"https:\/\/www.adriatiqa.com\/sl\/storitve\/"},{"@type":"ListItem","position":3,"name":"Tolma\u010denje","item":"https:\/\/www.adriatiqa.com\/sl\/storitve\/tolmacenje\/"},{"@type":"ListItem","position":4,"name":"Pogosta vpra\u0161anja o tolma\u010denju"}]},{"@type":"WebSite","@id":"https:\/\/www.adriatiqa.com\/sl\/#website","url":"https:\/\/www.adriatiqa.com\/sl\/","name":"AdriatIQa Prevodi, prevajalska agencija","description":"Prevajanje, prevod v angle\u0161\u010dino, nem\u0161\u010dino","publisher":{"@id":"https:\/\/www.adriatiqa.com\/sl\/#organization"},"potentialAction":[{"@type":"SearchAction","target":{"@type":"EntryPoint","urlTemplate":"https:\/\/www.adriatiqa.com\/sl\/?s={search_term_string}"},"query-input":{"@type":"PropertyValueSpecification","valueRequired":true,"valueName":"search_term_string"}}],"inLanguage":"sl"},{"@type":"Organization","@id":"https:\/\/www.adriatiqa.com\/sl\/#organization","name":"ATE Globalis d.o.o.","url":"https:\/\/www.adriatiqa.com\/sl\/","logo":{"@type":"ImageObject","inLanguage":"sl","@id":"https:\/\/www.adriatiqa.com\/sl\/#\/schema\/logo\/image\/","url":"https:\/\/www.adriatiqa.com\/wp-content\/uploads\/2012\/11\/adriatiqa-logo.png","contentUrl":"https:\/\/www.adriatiqa.com\/wp-content\/uploads\/2012\/11\/adriatiqa-logo.png","width":297,"height":57,"caption":"ATE Globalis d.o.o."},"image":{"@id":"https:\/\/www.adriatiqa.com\/sl\/#\/schema\/logo\/image\/"},"sameAs":["https:\/\/www.facebook.com\/AdriatIQa","https:\/\/www.linkedin.com\/company\/adriatiqa-translations"]}]}},"_links":{"self":[{"href":"https:\/\/www.adriatiqa.com\/sl\/wp-json\/wp\/v2\/pages\/568","targetHints":{"allow":["GET"]}}],"collection":[{"href":"https:\/\/www.adriatiqa.com\/sl\/wp-json\/wp\/v2\/pages"}],"about":[{"href":"https:\/\/www.adriatiqa.com\/sl\/wp-json\/wp\/v2\/types\/page"}],"author":[{"embeddable":true,"href":"https:\/\/www.adriatiqa.com\/sl\/wp-json\/wp\/v2\/users\/2"}],"replies":[{"embeddable":true,"href":"https:\/\/www.adriatiqa.com\/sl\/wp-json\/wp\/v2\/comments?post=568"}],"version-history":[{"count":10,"href":"https:\/\/www.adriatiqa.com\/sl\/wp-json\/wp\/v2\/pages\/568\/revisions"}],"predecessor-version":[{"id":25146,"href":"https:\/\/www.adriatiqa.com\/sl\/wp-json\/wp\/v2\/pages\/568\/revisions\/25146"}],"up":[{"embeddable":true,"href":"https:\/\/www.adriatiqa.com\/sl\/wp-json\/wp\/v2\/pages\/376"}],"wp:attachment":[{"href":"https:\/\/www.adriatiqa.com\/sl\/wp-json\/wp\/v2\/media?parent=568"}],"curies":[{"name":"wp","href":"https:\/\/api.w.org\/{rel}","templated":true}]}}