{"id":5682,"date":"2021-07-26T08:55:06","date_gmt":"2021-07-26T06:55:06","guid":{"rendered":"https:\/\/www.adriatiqa.com\/?page_id=5682"},"modified":"2022-10-20T10:20:34","modified_gmt":"2022-10-20T08:20:34","slug":"kaj-slovenci-beremo-na-morju","status":"publish","type":"page","link":"https:\/\/www.adriatiqa.com\/sl\/kaj-slovenci-beremo-na-morju\/","title":{"rendered":"Kaj Slovenci beremo na morju?"},"content":{"rendered":"<p>[vc_column_text width=&#8221;2\/3&#8243; el_position=&#8221;first&#8221;]<\/p>\n<p><b>Za\u010delo se je dolgo, vro\u010de poletje. To je \u010das, ko se Slovenci tradicionalno odpravimo na morje, kjer se malce spo\u010dijemo in u\u017eivamo v svojih najljub\u0161ih aktivnostih. Te seveda vklju\u010dujejo predvsem \u010dofotanje v morju, vendar pa se vse pogosteje tudi usedemo v senco v dru\u017ebi dobre knjige. \u010ce se tudi vi v kratkem odpravljate na dopust (ali pa boste ostali doma in se bojite, da vam bo malce dolg\u010das), smo za vas pripravili nekaj predlogov za knjige, ki jih lahko preberete letos. Poletne po\u010ditnice so namre\u010d kot ustvarjenje za dobre knjige. Kaj torej najraje beremo Slovenci?<\/b><\/p>\n<p>&nbsp;<\/p>\n<h4><span style=\"color: #0099cc;\"><b>Vodi\u010di in slovar\u010dki<\/b><\/span><\/h4>\n<p>\u010ce vas je v leto\u0161njem poletju zaneslo kam dlje kot le na bli\u017enjo Hrva\u0161ko, je povsem mogo\u010de, da svoj dopust pre\u017eivljate v dr\u017eavi, ki je \u0161e ne poznate dobro. To seveda pomeni, da \u017eelite o njej izvedeti \u010dim ve\u010d. Nikakor namre\u010d ne bi \u017eeleli spregledati kak\u0161ne zanimive znamenitosti, kajne? Slovenci smo sicer precej navdu\u0161eni nad potovanji in povsod po svetu nas je polno. To seveda pomeni, da na svojem dopustu zelo radi pose\u017eemo tudi po razli\u010dnih turisti\u010dnih in potovalnih vodi\u010dih ter slovar\u010dkih.<\/p>\n<p>&nbsp;<\/p>\n<h4><span style=\"color: #0099cc;\"><b>Kriminalke<\/b><\/span><\/h4>\n<p>V poletnem \u010dasu si \u017eelimo sprostitve, za veliko ljudi pa to pomeni tudi branje dobrih kriminalk. Te so ravno prav napete, da nam na morju nikakor ni dolg\u010das, obenem pa ravno prav lahkotne, da svojih misli na spro\u0161\u010dujo\u010dem dopustu ne obremenjujemo preve\u010d. In katere so tiste, ki so med Slovenci v zadnjem \u010dasu najbolj priljubljene?<\/p>\n<ul>\n<li>Jo Nesbo: Kraljestvo<\/li>\n<li>Agatha Christie: Strupeno pero<\/li>\n<li>Paula Hawkins: Dekle na vlaku<\/li>\n<li>Samantha Downing: Moja (pre)\u010dudovita \u017eena<\/li>\n<li>James Patterson: Crossova pravica<\/li>\n<\/ul>\n<p>&nbsp;<\/p>\n<h4><span style=\"color: #0099cc;\"><b>Knjige za osebno rast<\/b><\/span><\/h4>\n<p>Poletje je \u010das, ko imamo obi\u010dajno nekoliko ve\u010d prostega \u010dasa, pogosto pa ga namenimo tudi razmi\u0161ljanju o tem, kaj bi v svojem \u017eivljenju \u017eeleli spremeniti. Na po\u010ditni\u0161kih bralnih seznamih Slovencev se tako pogosto znajdejo tudi knjige za osebno rast. Med tiste najbolj priljubljene se denimo uvr\u0161\u010dajo naslednji naslovi:<\/p>\n<ul>\n<li>Kenan Crnki\u0107: Pazi, katerega volka hrani\u0161<\/li>\n<li>Aljo\u0161a Bagola: Kako izgoreti &#8230; in vzeti \u017eivljenje v svoje roke<\/li>\n<li>Jordan B. Peterson: 12 pravil za \u017eivljenje &#8211; Protistrup za kaos<\/li>\n<li>James Clear: Atomske navade: preprost in preizku\u0161en na\u010din za pridobivanje dobrih in opu\u0161\u010danje slabih navad<\/li>\n<li>Philippa Perry: Knjiga, za katero si \u017eelite, da bi jo prebrali va\u0161i star\u0161i (in za katero bodo va\u0161i otroci veseli, da ste jo)<\/li>\n<\/ul>\n<p>&nbsp;<\/p>\n<h4><span style=\"color: #0099cc;\"><b>Ljubezenski romani<\/b><\/span><\/h4>\n<p>Poletje je tudi \u010das poletnih ljubezni in avantur \u2013 in \u010de avanture \u017ee ne moremo do\u017eiveti v \u017eivo, lahko vsaj beremo o njej, kajne? Ljubezenski romani so med bralci in predvsem bralkami tako izjemno priljubljeni v poletnih dneh, seveda pa so pravi hit tudi tisti, ki \u017ee malce mejijo na erotiko. In kateri so tisti, ki jih najraje vzamemo v roke?<\/p>\n<ul>\n<li>Anna Campbell: Dama v \u0161krlatni obleki<\/li>\n<li>Julie Garwood: Tri neveste<\/li>\n<li>Susan Elizabeth Phillips: Junak njenega srca<\/li>\n<li>Amanda Quick: Kristalni vrtovi<\/li>\n<li>Noelia Amarillo: Ostani z menoj<\/li>\n<\/ul>\n<p>&nbsp;<\/p>\n<h4><span style=\"color: #0099cc;\"><b>Doma\u010de uspe\u0161nice<\/b><\/span><\/h4>\n<p>Slovenci nismo le navdu\u0161eni bralci, pa\u010d pa smo tudi navdu\u0161eni pisatelji. Lepo je videti, da so tudi dela doma\u010dih avtorjev vse bolj uveljavljena in izjemno priljubljena med bralci. Dejstvo je namre\u010d, da se tudi doma\u010de uspe\u0161nice pogosto uvr\u0161\u010dajo na sam vrh lestvic najbolje branih in najbolje prodajanih knjig v Sloveniji. In katere so tiste, ki smo jih Slovenci v zadnjem \u010dasu najraje vzeli v roke?<\/p>\n<ul>\n<li>Brina \u0160vigelj Merat: Ne \u017eeli si lahke poti<\/li>\n<li>Goran Vojnovi\u0107: \u0110or\u0111i\u0107 se vra\u010da<\/li>\n<li>Bronja \u017dakelj: Belo se pere na devetdeset<\/li>\n<li>Noah Charney: Slovenologija &#8211; \u017divljenje v najbolj\u0161i de\u017eeli na svetu in popotovanje po njej<\/li>\n<li>Janja Vidmar: Niti koraka ve\u010d<\/li>\n<\/ul>\n<p>&nbsp;<\/p>\n<p>Viri:<\/p>\n<ul>\n<li><a href=\"https:\/\/plus.cobiss.si\/most-read-web\/#libAcronym&amp;libType&amp;periodFrom=202105&amp;periodTo=202105&amp;pubType=1&amp;publishYear\">Seznam najpogosteje izposojenega gradiva v knji\u017enicah.<\/a><\/li>\n<li><a href=\"https:\/\/www.emka.si\/webapp\/wcs\/stores\/servlet\/sl\/emkasi\/top100#facet:&amp;productBeginIndex:0&amp;facetLimit:&amp;orderBy:&amp;pageView:&amp;minPrice:&amp;maxPrice:&amp;pageSize:&amp;\">Najbolj prodajanih 100 knjig v Sloveniji \u2013 Emka.si.<\/a><\/li>\n<li><a href=\"http:\/\/www.kosovelova.si\/najbolj-brane-knjige\/najbolj-brane-knjige-med-epidemijo-marec-junij-2020\/\">Najbolj brane knjige med epidemijo.<\/a><\/li>\n<\/ul>\n<p>[\/vc_column_text] [vc_single_image image=&#8221;5683&#8243; img_size=&#8221;full&#8221; img_link_target=&#8221;pphoto&#8221; width=&#8221;1\/3&#8243; el_position=&#8221;last&#8221;]<\/p>\n","protected":false},"excerpt":{"rendered":"<p>[vc_column_text width=&#8221;2\/3&#8243; el_position=&#8221;first&#8221;] Za\u010delo se je dolgo, vro\u010de poletje. To je \u010das, ko se Slovenci tradicionalno odpravimo na morje, kjer&#8230;<\/p>\n","protected":false},"author":2,"featured_media":0,"parent":0,"menu_order":0,"comment_status":"closed","ping_status":"closed","template":"","meta":{"footnotes":""},"class_list":["post-5682","page","type-page","status-publish"],"yoast_head":"<!-- This site is optimized with the Yoast SEO plugin v27.5 - https:\/\/yoast.com\/product\/yoast-seo-wordpress\/ -->\n<title>Kaj Slovenci beremo na morju? | AdriatIQa Prevodi, prevajalska agencija<\/title>\n<meta name=\"description\" content=\"\u010ce se tudi vi v kratkem odpravljate na dopust, smo za vas pripravili nekaj predlogov za knjige, ki jih lahko preberete letos. Kaj najraje beremo Slovenci?\" \/>\n<meta name=\"robots\" content=\"index, follow, max-snippet:-1, max-image-preview:large, max-video-preview:-1\" \/>\n<link rel=\"canonical\" href=\"https:\/\/www.adriatiqa.com\/sl\/kaj-slovenci-beremo-na-morju\/\" \/>\n<meta name=\"twitter:label1\" content=\"Est. reading time\" \/>\n\t<meta name=\"twitter:data1\" content=\"3 minutes\" \/>\n<script type=\"application\/ld+json\" class=\"yoast-schema-graph\">{\"@context\":\"https:\\\/\\\/schema.org\",\"@graph\":[{\"@type\":\"WebPage\",\"@id\":\"https:\\\/\\\/www.adriatiqa.com\\\/sl\\\/kaj-slovenci-beremo-na-morju\\\/\",\"url\":\"https:\\\/\\\/www.adriatiqa.com\\\/sl\\\/kaj-slovenci-beremo-na-morju\\\/\",\"name\":\"Kaj Slovenci beremo na morju? | AdriatIQa Prevodi, prevajalska agencija\",\"isPartOf\":{\"@id\":\"https:\\\/\\\/www.adriatiqa.com\\\/sl\\\/#website\"},\"datePublished\":\"2021-07-26T06:55:06+00:00\",\"dateModified\":\"2022-10-20T08:20:34+00:00\",\"description\":\"\u010ce se tudi vi v kratkem odpravljate na dopust, smo za vas pripravili nekaj predlogov za knjige, ki jih lahko preberete letos. Kaj najraje beremo Slovenci?\",\"breadcrumb\":{\"@id\":\"https:\\\/\\\/www.adriatiqa.com\\\/sl\\\/kaj-slovenci-beremo-na-morju\\\/#breadcrumb\"},\"inLanguage\":\"sl\",\"potentialAction\":[{\"@type\":\"ReadAction\",\"target\":[\"https:\\\/\\\/www.adriatiqa.com\\\/sl\\\/kaj-slovenci-beremo-na-morju\\\/\"]}]},{\"@type\":\"BreadcrumbList\",\"@id\":\"https:\\\/\\\/www.adriatiqa.com\\\/sl\\\/kaj-slovenci-beremo-na-morju\\\/#breadcrumb\",\"itemListElement\":[{\"@type\":\"ListItem\",\"position\":1,\"name\":\"Home\",\"item\":\"https:\\\/\\\/www.adriatiqa.com\\\/sl\\\/\"},{\"@type\":\"ListItem\",\"position\":2,\"name\":\"Kaj Slovenci beremo na morju?\"}]},{\"@type\":\"WebSite\",\"@id\":\"https:\\\/\\\/www.adriatiqa.com\\\/sl\\\/#website\",\"url\":\"https:\\\/\\\/www.adriatiqa.com\\\/sl\\\/\",\"name\":\"AdriatIQa Prevodi, prevajalska agencija\",\"description\":\"Prevajanje, prevod v angle\u0161\u010dino, nem\u0161\u010dino\",\"publisher\":{\"@id\":\"https:\\\/\\\/www.adriatiqa.com\\\/sl\\\/#organization\"},\"potentialAction\":[{\"@type\":\"SearchAction\",\"target\":{\"@type\":\"EntryPoint\",\"urlTemplate\":\"https:\\\/\\\/www.adriatiqa.com\\\/sl\\\/?s={search_term_string}\"},\"query-input\":{\"@type\":\"PropertyValueSpecification\",\"valueRequired\":true,\"valueName\":\"search_term_string\"}}],\"inLanguage\":\"sl\"},{\"@type\":\"Organization\",\"@id\":\"https:\\\/\\\/www.adriatiqa.com\\\/sl\\\/#organization\",\"name\":\"ATE Globalis d.o.o.\",\"url\":\"https:\\\/\\\/www.adriatiqa.com\\\/sl\\\/\",\"logo\":{\"@type\":\"ImageObject\",\"inLanguage\":\"sl\",\"@id\":\"https:\\\/\\\/www.adriatiqa.com\\\/sl\\\/#\\\/schema\\\/logo\\\/image\\\/\",\"url\":\"https:\\\/\\\/www.adriatiqa.com\\\/wp-content\\\/uploads\\\/2012\\\/11\\\/adriatiqa-logo.png\",\"contentUrl\":\"https:\\\/\\\/www.adriatiqa.com\\\/wp-content\\\/uploads\\\/2012\\\/11\\\/adriatiqa-logo.png\",\"width\":297,\"height\":57,\"caption\":\"ATE Globalis d.o.o.\"},\"image\":{\"@id\":\"https:\\\/\\\/www.adriatiqa.com\\\/sl\\\/#\\\/schema\\\/logo\\\/image\\\/\"},\"sameAs\":[\"https:\\\/\\\/www.facebook.com\\\/AdriatIQa\",\"https:\\\/\\\/www.linkedin.com\\\/company\\\/adriatiqa-translations\"]}]}<\/script>\n<!-- \/ Yoast SEO plugin. -->","yoast_head_json":{"title":"Kaj Slovenci beremo na morju? | AdriatIQa Prevodi, prevajalska agencija","description":"\u010ce se tudi vi v kratkem odpravljate na dopust, smo za vas pripravili nekaj predlogov za knjige, ki jih lahko preberete letos. Kaj najraje beremo Slovenci?","robots":{"index":"index","follow":"follow","max-snippet":"max-snippet:-1","max-image-preview":"max-image-preview:large","max-video-preview":"max-video-preview:-1"},"canonical":"https:\/\/www.adriatiqa.com\/sl\/kaj-slovenci-beremo-na-morju\/","twitter_misc":{"Est. reading time":"3 minutes"},"schema":{"@context":"https:\/\/schema.org","@graph":[{"@type":"WebPage","@id":"https:\/\/www.adriatiqa.com\/sl\/kaj-slovenci-beremo-na-morju\/","url":"https:\/\/www.adriatiqa.com\/sl\/kaj-slovenci-beremo-na-morju\/","name":"Kaj Slovenci beremo na morju? | AdriatIQa Prevodi, prevajalska agencija","isPartOf":{"@id":"https:\/\/www.adriatiqa.com\/sl\/#website"},"datePublished":"2021-07-26T06:55:06+00:00","dateModified":"2022-10-20T08:20:34+00:00","description":"\u010ce se tudi vi v kratkem odpravljate na dopust, smo za vas pripravili nekaj predlogov za knjige, ki jih lahko preberete letos. Kaj najraje beremo Slovenci?","breadcrumb":{"@id":"https:\/\/www.adriatiqa.com\/sl\/kaj-slovenci-beremo-na-morju\/#breadcrumb"},"inLanguage":"sl","potentialAction":[{"@type":"ReadAction","target":["https:\/\/www.adriatiqa.com\/sl\/kaj-slovenci-beremo-na-morju\/"]}]},{"@type":"BreadcrumbList","@id":"https:\/\/www.adriatiqa.com\/sl\/kaj-slovenci-beremo-na-morju\/#breadcrumb","itemListElement":[{"@type":"ListItem","position":1,"name":"Home","item":"https:\/\/www.adriatiqa.com\/sl\/"},{"@type":"ListItem","position":2,"name":"Kaj Slovenci beremo na morju?"}]},{"@type":"WebSite","@id":"https:\/\/www.adriatiqa.com\/sl\/#website","url":"https:\/\/www.adriatiqa.com\/sl\/","name":"AdriatIQa Prevodi, prevajalska agencija","description":"Prevajanje, prevod v angle\u0161\u010dino, nem\u0161\u010dino","publisher":{"@id":"https:\/\/www.adriatiqa.com\/sl\/#organization"},"potentialAction":[{"@type":"SearchAction","target":{"@type":"EntryPoint","urlTemplate":"https:\/\/www.adriatiqa.com\/sl\/?s={search_term_string}"},"query-input":{"@type":"PropertyValueSpecification","valueRequired":true,"valueName":"search_term_string"}}],"inLanguage":"sl"},{"@type":"Organization","@id":"https:\/\/www.adriatiqa.com\/sl\/#organization","name":"ATE Globalis d.o.o.","url":"https:\/\/www.adriatiqa.com\/sl\/","logo":{"@type":"ImageObject","inLanguage":"sl","@id":"https:\/\/www.adriatiqa.com\/sl\/#\/schema\/logo\/image\/","url":"https:\/\/www.adriatiqa.com\/wp-content\/uploads\/2012\/11\/adriatiqa-logo.png","contentUrl":"https:\/\/www.adriatiqa.com\/wp-content\/uploads\/2012\/11\/adriatiqa-logo.png","width":297,"height":57,"caption":"ATE Globalis d.o.o."},"image":{"@id":"https:\/\/www.adriatiqa.com\/sl\/#\/schema\/logo\/image\/"},"sameAs":["https:\/\/www.facebook.com\/AdriatIQa","https:\/\/www.linkedin.com\/company\/adriatiqa-translations"]}]}},"_links":{"self":[{"href":"https:\/\/www.adriatiqa.com\/sl\/wp-json\/wp\/v2\/pages\/5682","targetHints":{"allow":["GET"]}}],"collection":[{"href":"https:\/\/www.adriatiqa.com\/sl\/wp-json\/wp\/v2\/pages"}],"about":[{"href":"https:\/\/www.adriatiqa.com\/sl\/wp-json\/wp\/v2\/types\/page"}],"author":[{"embeddable":true,"href":"https:\/\/www.adriatiqa.com\/sl\/wp-json\/wp\/v2\/users\/2"}],"replies":[{"embeddable":true,"href":"https:\/\/www.adriatiqa.com\/sl\/wp-json\/wp\/v2\/comments?post=5682"}],"version-history":[{"count":2,"href":"https:\/\/www.adriatiqa.com\/sl\/wp-json\/wp\/v2\/pages\/5682\/revisions"}],"predecessor-version":[{"id":30893,"href":"https:\/\/www.adriatiqa.com\/sl\/wp-json\/wp\/v2\/pages\/5682\/revisions\/30893"}],"wp:attachment":[{"href":"https:\/\/www.adriatiqa.com\/sl\/wp-json\/wp\/v2\/media?parent=5682"}],"curies":[{"name":"wp","href":"https:\/\/api.w.org\/{rel}","templated":true}]}}