{"id":5737,"date":"2021-08-24T11:47:50","date_gmt":"2021-08-24T09:47:50","guid":{"rendered":"https:\/\/www.adriatiqa.com\/?page_id=5737"},"modified":"2023-07-25T16:01:18","modified_gmt":"2023-07-25T14:01:18","slug":"najbolj-zabavne-prevajalske-zmote-na-svetu","status":"publish","type":"page","link":"https:\/\/www.adriatiqa.com\/sl\/najbolj-zabavne-prevajalske-zmote-na-svetu\/","title":{"rendered":"Najbolj zabavne prevajalske zmote na svetu"},"content":{"rendered":"<div class=\"wpb-content-wrapper\"><p>[vc_row][vc_column][vc_column_text width=&#8221;2\/3&#8243; el_position=&#8221;first&#8221;]<b>Poletje je \u010das, ko se najraje potepamo na svetu, tam pa seveda naletimo na \u0161tevilne zabavne napise, obvestila in podobna besedila. In ker pri prevajanju pogosto velja, da je to nekaj, kar \u00bbzna vsak\u00ab, se seveda velikokrat zgodijo kak\u0161ni ne ravno najbolj posre\u010deni prevodi. A zakaj bi se zaradi njih jezili \u2013 morda bo la\u017eje, da se jim nasmejimo. Pripravili smo pregled najbolj zabavnih prevajalskih zmot na svetu, prepri\u010dani smo, da bodo razvedrile tudi vas!<\/b><\/p>\n<p><b>\u00a0<\/b><\/p>\n<p><b>Nikar ne jejte preproge!<\/b><\/p>\n<p>Joj no, pa tako okusna je videti! Najraje bi kar takoj ugriznili vanjo &#8230;<\/p>\n<p><a href=\"https:\/\/www.adriatiqa.com\/wp-content\/uploads\/2021\/08\/eating-carpet.jpg\"><img class=\"alignnone size-medium wp-image-5742\" src=\"https:\/\/www.adriatiqa.com\/wp-content\/uploads\/2021\/08\/eating-carpet-400x250.jpg\" alt=\"eating carpet\" width=\"300\" height=\"187\" \/><\/a><\/p>\n<p>Vir fotografije: <a href=\"https:\/\/www.boredpanda.com\/translation-fails\/\">BoredPanda.com<\/a><\/p>\n<div>\n<p><b>\u00a0<\/b><\/p>\n<p><b>Sesalec pod tu\u0161em?<\/b><\/p>\n<p>Kako, a vi ne sesate pod tu\u0161em? Kako pa potem o\u010distite kad???<\/p>\n<p><a href=\"https:\/\/www.adriatiqa.com\/wp-content\/uploads\/2021\/08\/vacuum-cleaner-shower.jpg\"><img class=\"alignnone size-medium wp-image-5753\" src=\"https:\/\/www.adriatiqa.com\/wp-content\/uploads\/2021\/08\/vacuum-cleaner-shower-400x250.jpg\" alt=\"vacuum cleaner shower\" width=\"300\" height=\"187\" \/><\/a><\/p>\n<p>Vir fotografije: <a href=\"https:\/\/www.boredpanda.com\/translation-fails\/\">BoredPanda.com<\/a><\/p>\n<p>&nbsp;<\/p>\n<p><b>Bi kdo \u010dokolado?<\/b><\/p>\n<p>Hm, zveni zanimivo \u2026 ampak kaj pa vemo. Mogo\u010de se ji bomo vseeno raje odpovedali \u2026<\/p>\n<p><a href=\"https:\/\/www.adriatiqa.com\/wp-content\/uploads\/2021\/08\/milk-with-humans.jpg\"><img class=\"alignnone size-medium wp-image-5746\" src=\"https:\/\/www.adriatiqa.com\/wp-content\/uploads\/2021\/08\/milk-with-humans-400x250.jpg\" alt=\"milk with humans\" width=\"300\" height=\"187\" \/><\/a><\/p>\n<p>Vir fotografije: <a href=\"https:\/\/www.boredpanda.com\/translation-fails\/\">BoredPanda.com<\/a><\/p>\n<p>&nbsp;<\/p>\n<p><b>Dobrota je sirota!<\/b><\/p>\n<p>To sicer \u017ee dolgo vemo, ampak zdaj je dokazano: res se ne spla\u010da biti preve\u010d priden!<\/p>\n<p><a href=\"https:\/\/www.adriatiqa.com\/wp-content\/uploads\/2021\/08\/swimming-regulatons1.jpg\"><img class=\"alignnone size-medium wp-image-5765\" src=\"https:\/\/www.adriatiqa.com\/wp-content\/uploads\/2021\/08\/swimming-regulatons1-400x250.jpg\" alt=\"swimming regulatons\" width=\"300\" height=\"187\" \/><\/a><\/p>\n<p>Vir fotografije: <a href=\"https:\/\/www.boredpanda.com\/translation-fails\/\">BoredPanda.com<\/a><\/p>\n<p>&nbsp;<\/p>\n<p><b>Kdo ima rad lu\u010di?<\/b><\/p>\n<p>Zakaj pa ne? Prijetno hrustljave so, pa \u0161e razsvetlijo vam dan! Pa dober tek!<\/p>\n<p><a href=\"https:\/\/www.adriatiqa.com\/wp-content\/uploads\/2021\/08\/lamp1.jpg\"><img class=\"alignnone size-medium wp-image-5761\" src=\"https:\/\/www.adriatiqa.com\/wp-content\/uploads\/2021\/08\/lamp1-400x250.jpg\" alt=\"lamp\" width=\"300\" height=\"187\" \/><\/a><\/p>\n<p>Vir fotografije: <a href=\"https:\/\/www.boredpanda.com\/translation-fails\/\">BoredPanda.com<\/a><\/p>\n<p>&nbsp;<\/p>\n<p><b>Nova vrsta flamingov<\/b><\/p>\n<p>No prav, ne bomo hranili flamingov \u2026 ampak, khm, ste prepri\u010dani, da so to flamingi?!<\/p>\n<p><a href=\"https:\/\/www.adriatiqa.com\/wp-content\/uploads\/2021\/08\/flamingos1.jpg\"><img class=\"alignnone size-medium wp-image-5759\" src=\"https:\/\/www.adriatiqa.com\/wp-content\/uploads\/2021\/08\/flamingos1-400x250.jpg\" alt=\"flamingos\" width=\"300\" height=\"187\" \/><\/a><\/p>\n<p>Vir fotografije: <a href=\"https:\/\/www.boredpanda.com\/translation-fails\/\">BoredPanda.com<\/a><\/p>\n<p>&nbsp;<\/p>\n<p><b>Ah, kako prijetno si je privo\u0161\u010diti okusen obrok v restavraciji!<\/b><\/p>\n<p>Tole je sicer videti zelo zanimivo, ampak glede okusa pa nismo povsem prepri\u010dani \u2026<\/p>\n<p><a href=\"https:\/\/www.adriatiqa.com\/wp-content\/uploads\/2021\/08\/moscow-mule1.jpg\"><img class=\"alignnone size-medium wp-image-5762\" src=\"https:\/\/www.adriatiqa.com\/wp-content\/uploads\/2021\/08\/moscow-mule1-400x250.jpg\" alt=\"moscow mule\" width=\"300\" height=\"187\" \/><\/a><\/p>\n<p>Vir fotografije: <a href=\"https:\/\/www.boredpanda.com\/translation-fails\/\">BoredPanda.com<\/a><\/p>\n<p>&nbsp;<\/p>\n<p><b>Pozor, Manuel!<\/b><\/p>\n<p>Iskreno upamo, da bo Manuel kon\u010dno razumel zelo jasno sporo\u010dilo!<\/p>\n<p><a href=\"https:\/\/www.adriatiqa.com\/wp-content\/uploads\/2021\/08\/doors-manuel2.jpg\"><img class=\"alignnone size-medium wp-image-5768\" src=\"https:\/\/www.adriatiqa.com\/wp-content\/uploads\/2021\/08\/doors-manuel2-400x250.jpg\" alt=\"doors manuel\" width=\"300\" height=\"187\" \/><\/a><\/p>\n<p>Vir fotografije: <a href=\"https:\/\/www.boredpanda.com\/translation-fails\/\">BoredPanda.com<\/a><\/p>\n<p>&nbsp;<\/p>\n<p><b>Ok, ali smo spili kak\u0161no pivo preve\u010d \u2026<\/b><\/p>\n<p>\u2026 ali pa je tole filozofsko obvestilo morda vseeno malce preve\u010d za nas!<\/p>\n<p><a href=\"https:\/\/www.adriatiqa.com\/wp-content\/uploads\/2021\/08\/throw-nothing-toilet1.jpg\"><img class=\"alignnone size-medium wp-image-5766\" src=\"https:\/\/www.adriatiqa.com\/wp-content\/uploads\/2021\/08\/throw-nothing-toilet1-400x250.jpg\" alt=\"throw nothing toilet\" width=\"300\" height=\"187\" \/><\/a><\/p>\n<p>Vir fotografije: <a href=\"https:\/\/www.boredpanda.com\/translation-fails\/\">BoredPanda.com<\/a><\/p>\n<p>&nbsp;<\/p>\n<p><b>Zdaj smo pa malo zmedeni \u2026<\/b><\/p>\n<p>Kaj je torej prav \u2013 da kadimo ali ne???<\/p>\n<p><a href=\"https:\/\/www.adriatiqa.com\/wp-content\/uploads\/2021\/08\/please-no-smoke1.jpg\"><img class=\"alignnone size-medium wp-image-5763\" src=\"https:\/\/www.adriatiqa.com\/wp-content\/uploads\/2021\/08\/please-no-smoke1-400x250.jpg\" alt=\"please no smoke\" width=\"300\" height=\"187\" \/><\/a><\/p>\n<p>Vir fotografije: <a href=\"https:\/\/www.boredpanda.com\/translation-fails\/\">BoredPanda.com<\/a><\/p>\n<p>&nbsp;<\/p>\n<p><b>Tale ulica je pa res nenavadna \u2026<\/b><\/p>\n<p>Iskreno nas zanima, zakaj ne more isto\u010dasno hoditi in jesti?<\/p>\n<p><a href=\"https:\/\/www.adriatiqa.com\/wp-content\/uploads\/2021\/08\/street-walk-eat1.jpg\"><img class=\"alignnone size-medium wp-image-5764\" src=\"https:\/\/www.adriatiqa.com\/wp-content\/uploads\/2021\/08\/street-walk-eat1-400x250.jpg\" alt=\"street walk eat\" width=\"300\" height=\"187\" \/><\/a><\/p>\n<p>Vir fotografije: <a href=\"https:\/\/www.boredpanda.com\/translation-fails\/\">BoredPanda.com<\/a><\/p>\n<p>&nbsp;<\/p>\n<p><b>Sicer nismo zares nameravali, ampak dobro!<\/b><\/p>\n<p>Zdaj nas mika, da bi poskusili, zagotovo bi bilo zabavno \u2026<\/p>\n<p><a href=\"https:\/\/www.adriatiqa.com\/wp-content\/uploads\/2021\/08\/toilet-wc1.jpg\"><img class=\"alignnone size-medium wp-image-5767\" src=\"https:\/\/www.adriatiqa.com\/wp-content\/uploads\/2021\/08\/toilet-wc1-400x250.jpg\" alt=\"toilet wc\" width=\"300\" height=\"187\" \/><\/a><\/p>\n<p>Vir fotografije: <a href=\"https:\/\/www.boredpanda.com\/translation-fails\/\">BoredPanda.com<\/a><\/p>\n<p>&nbsp;<\/p>\n<p><b>Ojej, ubogi kruh!<\/b><\/p>\n<p>Mu skuhamo \u010daj z medom?<\/p>\n<p><a href=\"https:\/\/www.adriatiqa.com\/wp-content\/uploads\/2021\/08\/bread-with-cold1.jpg\"><img class=\"alignnone size-medium wp-image-5757\" src=\"https:\/\/www.adriatiqa.com\/wp-content\/uploads\/2021\/08\/bread-with-cold1-400x250.jpg\" alt=\"bread with cold\" width=\"300\" height=\"187\" \/><\/a><\/p>\n<p>Vir fotografije: <a href=\"https:\/\/www.boredpanda.com\/translation-fails\/\">BoredPanda.com<\/a><\/p>\n<p>&nbsp;<\/p>\n<p><b>Aha, hvala za sporo\u010dilo!<\/b><\/p>\n<p>\u0160e dobro, ravno danes smo jih mislili pustiti doma!<\/p>\n<p><a href=\"https:\/\/www.adriatiqa.com\/wp-content\/uploads\/2021\/08\/funny-translation-fail-127-59b141ccadb25__6051.jpg\"><img class=\"alignnone size-medium wp-image-5760\" src=\"https:\/\/www.adriatiqa.com\/wp-content\/uploads\/2021\/08\/funny-translation-fail-127-59b141ccadb25__6051-400x250.jpg\" alt=\"funny-translation-fail-127-59b141ccadb25__605\" width=\"300\" height=\"187\" \/><\/a><\/p>\n<p>Vir fotografije: <a href=\"https:\/\/www.boredpanda.com\/translation-fails\/\">BoredPanda.com<\/a><\/p>\n<p>&nbsp;<\/p>\n<p><b>Kratko in jedrnato!<\/b><\/p>\n<p>In obenem izjemno u\u010dinkovito. A kdo morda ni razumel?<\/p>\n<p><a href=\"https:\/\/www.adriatiqa.com\/wp-content\/uploads\/2021\/08\/0_b4eMNx77-png__6051.jpg\"><img class=\"alignnone size-medium wp-image-5756\" src=\"https:\/\/www.adriatiqa.com\/wp-content\/uploads\/2021\/08\/0_b4eMNx77-png__6051-400x250.jpg\" alt=\"0_b4eMNx77-png__605\" width=\"300\" height=\"187\" \/><\/a><\/p>\n<p>Vir fotografije: <a href=\"https:\/\/www.boredpanda.com\/translation-fails\/\">BoredPanda.com<\/a><\/p>\n<\/div>\n<p>[\/vc_column_text][vc_single_image image=&#8221;5775&#8243; img_size=&#8221;full&#8221; width=&#8221;1\/3&#8243; el_position=&#8221;last&#8221;][\/vc_column][\/vc_row]<\/p>\n<\/div>","protected":false},"excerpt":{"rendered":"<p>[vc_row][vc_column][vc_column_text width=&#8221;2\/3&#8243; el_position=&#8221;first&#8221;]Poletje je \u010das, ko se najraje potepamo na svetu, tam pa seveda naletimo na \u0161tevilne zabavne napise, obvestila&#8230;<\/p>\n","protected":false},"author":2,"featured_media":0,"parent":0,"menu_order":0,"comment_status":"closed","ping_status":"closed","template":"","meta":{"footnotes":""},"class_list":["post-5737","page","type-page","status-publish"],"yoast_head":"<!-- This site is optimized with the Yoast SEO plugin v27.3 - https:\/\/yoast.com\/product\/yoast-seo-wordpress\/ -->\n<title>Najbolj zabavne prevajalske zmote na svetu<\/title>\n<meta name=\"description\" content=\"Za vas smo pripravili pregled najbolj zabavnih prevajalskih zmot na svetu, prepri\u010dani smo, da bodo razvedrile tudi vas!\" \/>\n<meta name=\"robots\" content=\"index, follow, max-snippet:-1, max-image-preview:large, max-video-preview:-1\" \/>\n<link rel=\"canonical\" href=\"https:\/\/www.adriatiqa.com\/sl\/najbolj-zabavne-prevajalske-zmote-na-svetu\/\" \/>\n<meta name=\"twitter:label1\" content=\"Est. reading time\" \/>\n\t<meta name=\"twitter:data1\" content=\"5 minutes\" \/>\n<script type=\"application\/ld+json\" class=\"yoast-schema-graph\">{\"@context\":\"https:\\\/\\\/schema.org\",\"@graph\":[{\"@type\":\"WebPage\",\"@id\":\"https:\\\/\\\/www.adriatiqa.com\\\/sl\\\/najbolj-zabavne-prevajalske-zmote-na-svetu\\\/\",\"url\":\"https:\\\/\\\/www.adriatiqa.com\\\/sl\\\/najbolj-zabavne-prevajalske-zmote-na-svetu\\\/\",\"name\":\"Najbolj zabavne prevajalske zmote na svetu\",\"isPartOf\":{\"@id\":\"https:\\\/\\\/www.adriatiqa.com\\\/sl\\\/#website\"},\"primaryImageOfPage\":{\"@id\":\"https:\\\/\\\/www.adriatiqa.com\\\/sl\\\/najbolj-zabavne-prevajalske-zmote-na-svetu\\\/#primaryimage\"},\"image\":{\"@id\":\"https:\\\/\\\/www.adriatiqa.com\\\/sl\\\/najbolj-zabavne-prevajalske-zmote-na-svetu\\\/#primaryimage\"},\"thumbnailUrl\":\"https:\\\/\\\/www.adriatiqa.com\\\/wp-content\\\/uploads\\\/2021\\\/08\\\/eating-carpet-400x250.jpg\",\"datePublished\":\"2021-08-24T09:47:50+00:00\",\"dateModified\":\"2023-07-25T14:01:18+00:00\",\"description\":\"Za vas smo pripravili pregled najbolj zabavnih prevajalskih zmot na svetu, prepri\u010dani smo, da bodo razvedrile tudi vas!\",\"breadcrumb\":{\"@id\":\"https:\\\/\\\/www.adriatiqa.com\\\/sl\\\/najbolj-zabavne-prevajalske-zmote-na-svetu\\\/#breadcrumb\"},\"inLanguage\":\"sl\",\"potentialAction\":[{\"@type\":\"ReadAction\",\"target\":[\"https:\\\/\\\/www.adriatiqa.com\\\/sl\\\/najbolj-zabavne-prevajalske-zmote-na-svetu\\\/\"]}]},{\"@type\":\"ImageObject\",\"inLanguage\":\"sl\",\"@id\":\"https:\\\/\\\/www.adriatiqa.com\\\/sl\\\/najbolj-zabavne-prevajalske-zmote-na-svetu\\\/#primaryimage\",\"url\":\"https:\\\/\\\/www.adriatiqa.com\\\/wp-content\\\/uploads\\\/2021\\\/08\\\/eating-carpet-400x250.jpg\",\"contentUrl\":\"https:\\\/\\\/www.adriatiqa.com\\\/wp-content\\\/uploads\\\/2021\\\/08\\\/eating-carpet-400x250.jpg\"},{\"@type\":\"BreadcrumbList\",\"@id\":\"https:\\\/\\\/www.adriatiqa.com\\\/sl\\\/najbolj-zabavne-prevajalske-zmote-na-svetu\\\/#breadcrumb\",\"itemListElement\":[{\"@type\":\"ListItem\",\"position\":1,\"name\":\"Home\",\"item\":\"https:\\\/\\\/www.adriatiqa.com\\\/sl\\\/\"},{\"@type\":\"ListItem\",\"position\":2,\"name\":\"Najbolj zabavne prevajalske zmote na svetu\"}]},{\"@type\":\"WebSite\",\"@id\":\"https:\\\/\\\/www.adriatiqa.com\\\/sl\\\/#website\",\"url\":\"https:\\\/\\\/www.adriatiqa.com\\\/sl\\\/\",\"name\":\"AdriatIQa Prevodi, prevajalska agencija\",\"description\":\"Prevajanje, prevod v angle\u0161\u010dino, nem\u0161\u010dino\",\"publisher\":{\"@id\":\"https:\\\/\\\/www.adriatiqa.com\\\/sl\\\/#organization\"},\"potentialAction\":[{\"@type\":\"SearchAction\",\"target\":{\"@type\":\"EntryPoint\",\"urlTemplate\":\"https:\\\/\\\/www.adriatiqa.com\\\/sl\\\/?s={search_term_string}\"},\"query-input\":{\"@type\":\"PropertyValueSpecification\",\"valueRequired\":true,\"valueName\":\"search_term_string\"}}],\"inLanguage\":\"sl\"},{\"@type\":\"Organization\",\"@id\":\"https:\\\/\\\/www.adriatiqa.com\\\/sl\\\/#organization\",\"name\":\"ATE Globalis d.o.o.\",\"url\":\"https:\\\/\\\/www.adriatiqa.com\\\/sl\\\/\",\"logo\":{\"@type\":\"ImageObject\",\"inLanguage\":\"sl\",\"@id\":\"https:\\\/\\\/www.adriatiqa.com\\\/sl\\\/#\\\/schema\\\/logo\\\/image\\\/\",\"url\":\"https:\\\/\\\/www.adriatiqa.com\\\/wp-content\\\/uploads\\\/2012\\\/11\\\/adriatiqa-logo.png\",\"contentUrl\":\"https:\\\/\\\/www.adriatiqa.com\\\/wp-content\\\/uploads\\\/2012\\\/11\\\/adriatiqa-logo.png\",\"width\":297,\"height\":57,\"caption\":\"ATE Globalis d.o.o.\"},\"image\":{\"@id\":\"https:\\\/\\\/www.adriatiqa.com\\\/sl\\\/#\\\/schema\\\/logo\\\/image\\\/\"},\"sameAs\":[\"https:\\\/\\\/www.facebook.com\\\/AdriatIQa\",\"https:\\\/\\\/www.linkedin.com\\\/company\\\/adriatiqa-translations\"]}]}<\/script>\n<!-- \/ Yoast SEO plugin. -->","yoast_head_json":{"title":"Najbolj zabavne prevajalske zmote na svetu","description":"Za vas smo pripravili pregled najbolj zabavnih prevajalskih zmot na svetu, prepri\u010dani smo, da bodo razvedrile tudi vas!","robots":{"index":"index","follow":"follow","max-snippet":"max-snippet:-1","max-image-preview":"max-image-preview:large","max-video-preview":"max-video-preview:-1"},"canonical":"https:\/\/www.adriatiqa.com\/sl\/najbolj-zabavne-prevajalske-zmote-na-svetu\/","twitter_misc":{"Est. reading time":"5 minutes"},"schema":{"@context":"https:\/\/schema.org","@graph":[{"@type":"WebPage","@id":"https:\/\/www.adriatiqa.com\/sl\/najbolj-zabavne-prevajalske-zmote-na-svetu\/","url":"https:\/\/www.adriatiqa.com\/sl\/najbolj-zabavne-prevajalske-zmote-na-svetu\/","name":"Najbolj zabavne prevajalske zmote na svetu","isPartOf":{"@id":"https:\/\/www.adriatiqa.com\/sl\/#website"},"primaryImageOfPage":{"@id":"https:\/\/www.adriatiqa.com\/sl\/najbolj-zabavne-prevajalske-zmote-na-svetu\/#primaryimage"},"image":{"@id":"https:\/\/www.adriatiqa.com\/sl\/najbolj-zabavne-prevajalske-zmote-na-svetu\/#primaryimage"},"thumbnailUrl":"https:\/\/www.adriatiqa.com\/wp-content\/uploads\/2021\/08\/eating-carpet-400x250.jpg","datePublished":"2021-08-24T09:47:50+00:00","dateModified":"2023-07-25T14:01:18+00:00","description":"Za vas smo pripravili pregled najbolj zabavnih prevajalskih zmot na svetu, prepri\u010dani smo, da bodo razvedrile tudi vas!","breadcrumb":{"@id":"https:\/\/www.adriatiqa.com\/sl\/najbolj-zabavne-prevajalske-zmote-na-svetu\/#breadcrumb"},"inLanguage":"sl","potentialAction":[{"@type":"ReadAction","target":["https:\/\/www.adriatiqa.com\/sl\/najbolj-zabavne-prevajalske-zmote-na-svetu\/"]}]},{"@type":"ImageObject","inLanguage":"sl","@id":"https:\/\/www.adriatiqa.com\/sl\/najbolj-zabavne-prevajalske-zmote-na-svetu\/#primaryimage","url":"https:\/\/www.adriatiqa.com\/wp-content\/uploads\/2021\/08\/eating-carpet-400x250.jpg","contentUrl":"https:\/\/www.adriatiqa.com\/wp-content\/uploads\/2021\/08\/eating-carpet-400x250.jpg"},{"@type":"BreadcrumbList","@id":"https:\/\/www.adriatiqa.com\/sl\/najbolj-zabavne-prevajalske-zmote-na-svetu\/#breadcrumb","itemListElement":[{"@type":"ListItem","position":1,"name":"Home","item":"https:\/\/www.adriatiqa.com\/sl\/"},{"@type":"ListItem","position":2,"name":"Najbolj zabavne prevajalske zmote na svetu"}]},{"@type":"WebSite","@id":"https:\/\/www.adriatiqa.com\/sl\/#website","url":"https:\/\/www.adriatiqa.com\/sl\/","name":"AdriatIQa Prevodi, prevajalska agencija","description":"Prevajanje, prevod v angle\u0161\u010dino, nem\u0161\u010dino","publisher":{"@id":"https:\/\/www.adriatiqa.com\/sl\/#organization"},"potentialAction":[{"@type":"SearchAction","target":{"@type":"EntryPoint","urlTemplate":"https:\/\/www.adriatiqa.com\/sl\/?s={search_term_string}"},"query-input":{"@type":"PropertyValueSpecification","valueRequired":true,"valueName":"search_term_string"}}],"inLanguage":"sl"},{"@type":"Organization","@id":"https:\/\/www.adriatiqa.com\/sl\/#organization","name":"ATE Globalis d.o.o.","url":"https:\/\/www.adriatiqa.com\/sl\/","logo":{"@type":"ImageObject","inLanguage":"sl","@id":"https:\/\/www.adriatiqa.com\/sl\/#\/schema\/logo\/image\/","url":"https:\/\/www.adriatiqa.com\/wp-content\/uploads\/2012\/11\/adriatiqa-logo.png","contentUrl":"https:\/\/www.adriatiqa.com\/wp-content\/uploads\/2012\/11\/adriatiqa-logo.png","width":297,"height":57,"caption":"ATE Globalis d.o.o."},"image":{"@id":"https:\/\/www.adriatiqa.com\/sl\/#\/schema\/logo\/image\/"},"sameAs":["https:\/\/www.facebook.com\/AdriatIQa","https:\/\/www.linkedin.com\/company\/adriatiqa-translations"]}]}},"_links":{"self":[{"href":"https:\/\/www.adriatiqa.com\/sl\/wp-json\/wp\/v2\/pages\/5737","targetHints":{"allow":["GET"]}}],"collection":[{"href":"https:\/\/www.adriatiqa.com\/sl\/wp-json\/wp\/v2\/pages"}],"about":[{"href":"https:\/\/www.adriatiqa.com\/sl\/wp-json\/wp\/v2\/types\/page"}],"author":[{"embeddable":true,"href":"https:\/\/www.adriatiqa.com\/sl\/wp-json\/wp\/v2\/users\/2"}],"replies":[{"embeddable":true,"href":"https:\/\/www.adriatiqa.com\/sl\/wp-json\/wp\/v2\/comments?post=5737"}],"version-history":[{"count":10,"href":"https:\/\/www.adriatiqa.com\/sl\/wp-json\/wp\/v2\/pages\/5737\/revisions"}],"predecessor-version":[{"id":31528,"href":"https:\/\/www.adriatiqa.com\/sl\/wp-json\/wp\/v2\/pages\/5737\/revisions\/31528"}],"wp:attachment":[{"href":"https:\/\/www.adriatiqa.com\/sl\/wp-json\/wp\/v2\/media?parent=5737"}],"curies":[{"name":"wp","href":"https:\/\/api.w.org\/{rel}","templated":true}]}}