{"id":5841,"date":"2021-12-20T10:23:10","date_gmt":"2021-12-20T09:23:10","guid":{"rendered":"https:\/\/www.adriatiqa.com\/?page_id=5841"},"modified":"2022-10-20T09:40:57","modified_gmt":"2022-10-20T07:40:57","slug":"praznicne-tradicije-po-svetu","status":"publish","type":"page","link":"https:\/\/www.adriatiqa.com\/sl\/praznicne-tradicije-po-svetu\/","title":{"rendered":"Prazni\u010dne tradicije po svetu"},"content":{"rendered":"<p>[vc_column_text width=&#8221;2\/3&#8243; el_position=&#8221;first&#8221;]<\/p>\n<p><b>Decembrski prazniki spadajo med najlep\u0161a obdobja vsakega leta, kajne? In \u010de jih pri nas obi\u010dajno praznujemo ob polni mizi, v dru\u017ebi najbli\u017ejih in \u0161tevilni tudi ob polno\u010dnici, pa jih po drugih koncih in krajih sveta praznujejo precej druga\u010de. Zato smo se odlo\u010dili, da bomo pokukali, kako decembrske praznike praznujejo drugod \u2013 malo zato, da spoznamo \u0161e druge kulture in obi\u010daje, malo pa tudi zato, da dobimo \u0161e kak\u0161no dobro idejo. Ste pripravljeni? Pa pojdimo kar po vrsti!<\/b><\/p>\n<p>&nbsp;<\/p>\n<h4><span style=\"color: #0099cc;\"><b>Bo\u017ei\u010d<\/b><\/span><\/h4>\n<p>Bo\u017ei\u010d je praznik, ki ga vsako leto praznujeta ve\u010d kot dve milijardi ljudi po celem svetu. Najpomembnej\u0161a dela bo\u017ei\u010da sta predvsem bo\u017ei\u010dni ve\u010der, ki ga praznujemo 24. decembra, sledi pa mu seveda \u0161e sam bo\u017ei\u010dni dan, ki ga praznujemo 25. decembra. A to nikakor ni vse \u2013 za \u0161tevilne ljudi po celem svetu se praznovanje za\u010dne \u017ee 5. decembra, traja pa vse do 6. januarja.<\/p>\n<p>Ve\u010der 5. decembra oziroma jutro 6. decembra je namre\u010d vesel dogodek za kar nekaj otrok, ki takrat prejmejo drobna darilca. In kak\u0161en je vzrok za to? Gre za praznovanje goda svetega Nikolaja, ki ga pri nas bolje poznamo kot svetega Miklav\u017ea. Miklav\u017eevanje je pri nas zelo priljubljeno, z njim pa se tudi za\u010dne decembrsko praznovanje.<\/p>\n<p>In kako se kon\u010da? S tako imenovano dvanajsto no\u010djo, ki je znana tudi kot ve\u010der epifanije. Pri nas ta praznik imenujemo Sveti trije kralji. In kdaj se ta praznik praznuje? Razli\u010dni viri navajajo razli\u010dne razlage o \u0161tetju dni do tega praznika, na\u010deloma pa gre za 5. oziroma 6. januar. Stare vra\u017ee pravijo, da lahko odstranjevanje prazni\u010dnega okrasja pred tem datumom prina\u0161a nesre\u010do.<\/p>\n<p>&nbsp;<\/p>\n<h4><span style=\"color: #0099cc;\"><b>Hanuka<\/b><\/span><\/h4>\n<p>Hanuka je \u0161e eden od praznikov, ki ga po svetu praznujejo v decembrskem \u010dasu. Praznik, ki ga poznamo tudi pod imenom praznik lu\u010di, spada med najpomembnej\u0161e judovske praznike. Traja osem dni, v tem \u010dasu pa Judje po vsem svetu praznujejo ta praznik tako, da vsak ve\u010der pri\u017egejo dodatno sve\u010dko na posebnem sve\u010dniku. To\u010dni datumi hanuke se vsako leto razlikujejo, letos je denimo potekala v \u010dasu od\u00a0 28. novembra pa do 6. decembra 2021.<\/p>\n<p>Otroci ob hanuki pogosto dobijo kak\u0161no simboli\u010dno \u017eepnino, v zadnjih letih pa tudi darila. Tradicionalna jed tega praznike so krofi, pa tudi druge vrste hrane, cvrte v olivnem olju. Judje praznik hanuka praznujejo tudi s plesom, igranjem dru\u017eabnih iger in petjem.<\/p>\n<p>&nbsp;<\/p>\n<h4><span style=\"color: #0099cc;\"><b>Kwanzaa<\/b><\/span><\/h4>\n<p>Kwanzaa je praznik, ki ga po vsem svetu praznuje okoli 18 milijonov ljudi. Izhaja iz Afrike ter predstavlja praznovanje afri\u0161ke dedi\u0161\u010dine in sedmih razli\u010dnih principov \u017eetve. Vsak dan praznika se praznuje enega od principov, zato praznik traja sedem dni. Praznujemo ga med 26. decembrom in 1. januarjem.<\/p>\n<p>Tudi pri tem prazniku se, podobno kot pri hanuki, pri\u017eigajo sve\u010de. Vsak dan se tako pri\u017ege nova sve\u010da, ki predstavlja enega od sedmih principov. Kwanzaa je tudi \u010das, ko se okrasijo hi\u0161e, nosijo pisana obla\u010dila, po domu pa se razpostavi sve\u017ee sadje. Tipi\u010dne ceremonije ob tem prazniku vklju\u010dujejo bobnanje, glasbo, branje, razprave in razli\u010dne umetni\u0161ke predstave.<\/p>\n<p>&nbsp;<\/p>\n<h4><span style=\"color: #0099cc;\"><b>Zimski solsticij<\/b><\/span><\/h4>\n<p>Zimski solsticij je mejnik, ki vpliva na celotno severno poloblo, saj se na ta dan uradno za\u010dne zima. Pade na 21. december in predstavlja najkraj\u0161i dan v letu, \u0161tevilni ljudje pa ta dan tudi praznujejo na razli\u010dne na\u010dine.<\/p>\n<p>V Skandinaviji so ta dan denimo skozi \u010das praznovali s pri\u017eiganjem ognja, s katerim so sku\u0161ali v najdalj\u0161i no\u010di pregnati duhove. Dandanes ta dan ve\u010dinoma poteka v znamenju praznovanj v \u010dast svete Lucije, praznovanja pa vklju\u010dujejo procesijo s sve\u010dami in petjem.<\/p>\n<p>&nbsp;<\/p>\n<h4><span style=\"color: #0099cc;\"><b>Dongzhi<\/b><\/span><\/h4>\n<p>Dongzhi je na Kitajskem pomemben praznik, ki oznanja prihod zime. Praznuje se ga med 21. in 23. decembrom, odvisno od vsakoletnega koledarja. Praznik je bil v zgodovini sicer predvsem dan, ko se je zaklju\u010dila \u017eetev in ko so se delavci vrnili domov, kjer so s svojo dru\u017eino delili sadove svojega dela. Dandanes se ob tem prazniku zberejo celotne dru\u017eine, ki praznujejo leto, ki je za njimi.<\/p>\n<p>&nbsp;<\/p>\n<p>[\/vc_column_text] [vc_single_image image=&#8221;5842&#8243; img_size=&#8221;full&#8221; img_link_target=&#8221;pphoto&#8221; width=&#8221;1\/3&#8243; el_position=&#8221;last&#8221;]<\/p>\n","protected":false},"excerpt":{"rendered":"<p>[vc_column_text width=&#8221;2\/3&#8243; el_position=&#8221;first&#8221;] Decembrski prazniki spadajo med najlep\u0161a obdobja vsakega leta, kajne? In \u010de jih pri nas obi\u010dajno praznujemo ob&#8230;<\/p>\n","protected":false},"author":4,"featured_media":0,"parent":0,"menu_order":0,"comment_status":"closed","ping_status":"closed","template":"","meta":{"footnotes":""},"class_list":["post-5841","page","type-page","status-publish"],"yoast_head":"<!-- This site is optimized with the Yoast SEO plugin v27.4 - https:\/\/yoast.com\/product\/yoast-seo-wordpress\/ -->\n<title>Prazni\u010dne tradicije po svetu | AdriatIQa Prevodi, prevajalska agencija<\/title>\n<meta name=\"description\" content=\"Decembrski prazniki spadajo med najlep\u0161a obdobja vsakega leta. Pri nas jih obi\u010dajno praznujemo ob polni mizi in v dru\u017ebi najbli\u017ejih. Kako pa decembrske praznike praznujejo drugod po svetu?\" \/>\n<meta name=\"robots\" content=\"index, follow, max-snippet:-1, max-image-preview:large, max-video-preview:-1\" \/>\n<link rel=\"canonical\" href=\"https:\/\/www.adriatiqa.com\/sl\/praznicne-tradicije-po-svetu\/\" \/>\n<meta name=\"twitter:label1\" content=\"Est. reading time\" \/>\n\t<meta name=\"twitter:data1\" content=\"3 minutes\" \/>\n<script type=\"application\/ld+json\" class=\"yoast-schema-graph\">{\"@context\":\"https:\\\/\\\/schema.org\",\"@graph\":[{\"@type\":\"WebPage\",\"@id\":\"https:\\\/\\\/www.adriatiqa.com\\\/sl\\\/praznicne-tradicije-po-svetu\\\/\",\"url\":\"https:\\\/\\\/www.adriatiqa.com\\\/sl\\\/praznicne-tradicije-po-svetu\\\/\",\"name\":\"Prazni\u010dne tradicije po svetu | AdriatIQa Prevodi, prevajalska agencija\",\"isPartOf\":{\"@id\":\"https:\\\/\\\/www.adriatiqa.com\\\/sl\\\/#website\"},\"datePublished\":\"2021-12-20T09:23:10+00:00\",\"dateModified\":\"2022-10-20T07:40:57+00:00\",\"description\":\"Decembrski prazniki spadajo med najlep\u0161a obdobja vsakega leta. Pri nas jih obi\u010dajno praznujemo ob polni mizi in v dru\u017ebi najbli\u017ejih. Kako pa decembrske praznike praznujejo drugod po svetu?\",\"breadcrumb\":{\"@id\":\"https:\\\/\\\/www.adriatiqa.com\\\/sl\\\/praznicne-tradicije-po-svetu\\\/#breadcrumb\"},\"inLanguage\":\"sl\",\"potentialAction\":[{\"@type\":\"ReadAction\",\"target\":[\"https:\\\/\\\/www.adriatiqa.com\\\/sl\\\/praznicne-tradicije-po-svetu\\\/\"]}]},{\"@type\":\"BreadcrumbList\",\"@id\":\"https:\\\/\\\/www.adriatiqa.com\\\/sl\\\/praznicne-tradicije-po-svetu\\\/#breadcrumb\",\"itemListElement\":[{\"@type\":\"ListItem\",\"position\":1,\"name\":\"Home\",\"item\":\"https:\\\/\\\/www.adriatiqa.com\\\/sl\\\/\"},{\"@type\":\"ListItem\",\"position\":2,\"name\":\"Prazni\u010dne tradicije po svetu\"}]},{\"@type\":\"WebSite\",\"@id\":\"https:\\\/\\\/www.adriatiqa.com\\\/sl\\\/#website\",\"url\":\"https:\\\/\\\/www.adriatiqa.com\\\/sl\\\/\",\"name\":\"AdriatIQa Prevodi, prevajalska agencija\",\"description\":\"Prevajanje, prevod v angle\u0161\u010dino, nem\u0161\u010dino\",\"publisher\":{\"@id\":\"https:\\\/\\\/www.adriatiqa.com\\\/sl\\\/#organization\"},\"potentialAction\":[{\"@type\":\"SearchAction\",\"target\":{\"@type\":\"EntryPoint\",\"urlTemplate\":\"https:\\\/\\\/www.adriatiqa.com\\\/sl\\\/?s={search_term_string}\"},\"query-input\":{\"@type\":\"PropertyValueSpecification\",\"valueRequired\":true,\"valueName\":\"search_term_string\"}}],\"inLanguage\":\"sl\"},{\"@type\":\"Organization\",\"@id\":\"https:\\\/\\\/www.adriatiqa.com\\\/sl\\\/#organization\",\"name\":\"ATE Globalis d.o.o.\",\"url\":\"https:\\\/\\\/www.adriatiqa.com\\\/sl\\\/\",\"logo\":{\"@type\":\"ImageObject\",\"inLanguage\":\"sl\",\"@id\":\"https:\\\/\\\/www.adriatiqa.com\\\/sl\\\/#\\\/schema\\\/logo\\\/image\\\/\",\"url\":\"https:\\\/\\\/www.adriatiqa.com\\\/wp-content\\\/uploads\\\/2012\\\/11\\\/adriatiqa-logo.png\",\"contentUrl\":\"https:\\\/\\\/www.adriatiqa.com\\\/wp-content\\\/uploads\\\/2012\\\/11\\\/adriatiqa-logo.png\",\"width\":297,\"height\":57,\"caption\":\"ATE Globalis d.o.o.\"},\"image\":{\"@id\":\"https:\\\/\\\/www.adriatiqa.com\\\/sl\\\/#\\\/schema\\\/logo\\\/image\\\/\"},\"sameAs\":[\"https:\\\/\\\/www.facebook.com\\\/AdriatIQa\",\"https:\\\/\\\/www.linkedin.com\\\/company\\\/adriatiqa-translations\"]}]}<\/script>\n<!-- \/ Yoast SEO plugin. -->","yoast_head_json":{"title":"Prazni\u010dne tradicije po svetu | AdriatIQa Prevodi, prevajalska agencija","description":"Decembrski prazniki spadajo med najlep\u0161a obdobja vsakega leta. Pri nas jih obi\u010dajno praznujemo ob polni mizi in v dru\u017ebi najbli\u017ejih. Kako pa decembrske praznike praznujejo drugod po svetu?","robots":{"index":"index","follow":"follow","max-snippet":"max-snippet:-1","max-image-preview":"max-image-preview:large","max-video-preview":"max-video-preview:-1"},"canonical":"https:\/\/www.adriatiqa.com\/sl\/praznicne-tradicije-po-svetu\/","twitter_misc":{"Est. reading time":"3 minutes"},"schema":{"@context":"https:\/\/schema.org","@graph":[{"@type":"WebPage","@id":"https:\/\/www.adriatiqa.com\/sl\/praznicne-tradicije-po-svetu\/","url":"https:\/\/www.adriatiqa.com\/sl\/praznicne-tradicije-po-svetu\/","name":"Prazni\u010dne tradicije po svetu | AdriatIQa Prevodi, prevajalska agencija","isPartOf":{"@id":"https:\/\/www.adriatiqa.com\/sl\/#website"},"datePublished":"2021-12-20T09:23:10+00:00","dateModified":"2022-10-20T07:40:57+00:00","description":"Decembrski prazniki spadajo med najlep\u0161a obdobja vsakega leta. Pri nas jih obi\u010dajno praznujemo ob polni mizi in v dru\u017ebi najbli\u017ejih. Kako pa decembrske praznike praznujejo drugod po svetu?","breadcrumb":{"@id":"https:\/\/www.adriatiqa.com\/sl\/praznicne-tradicije-po-svetu\/#breadcrumb"},"inLanguage":"sl","potentialAction":[{"@type":"ReadAction","target":["https:\/\/www.adriatiqa.com\/sl\/praznicne-tradicije-po-svetu\/"]}]},{"@type":"BreadcrumbList","@id":"https:\/\/www.adriatiqa.com\/sl\/praznicne-tradicije-po-svetu\/#breadcrumb","itemListElement":[{"@type":"ListItem","position":1,"name":"Home","item":"https:\/\/www.adriatiqa.com\/sl\/"},{"@type":"ListItem","position":2,"name":"Prazni\u010dne tradicije po svetu"}]},{"@type":"WebSite","@id":"https:\/\/www.adriatiqa.com\/sl\/#website","url":"https:\/\/www.adriatiqa.com\/sl\/","name":"AdriatIQa Prevodi, prevajalska agencija","description":"Prevajanje, prevod v angle\u0161\u010dino, nem\u0161\u010dino","publisher":{"@id":"https:\/\/www.adriatiqa.com\/sl\/#organization"},"potentialAction":[{"@type":"SearchAction","target":{"@type":"EntryPoint","urlTemplate":"https:\/\/www.adriatiqa.com\/sl\/?s={search_term_string}"},"query-input":{"@type":"PropertyValueSpecification","valueRequired":true,"valueName":"search_term_string"}}],"inLanguage":"sl"},{"@type":"Organization","@id":"https:\/\/www.adriatiqa.com\/sl\/#organization","name":"ATE Globalis d.o.o.","url":"https:\/\/www.adriatiqa.com\/sl\/","logo":{"@type":"ImageObject","inLanguage":"sl","@id":"https:\/\/www.adriatiqa.com\/sl\/#\/schema\/logo\/image\/","url":"https:\/\/www.adriatiqa.com\/wp-content\/uploads\/2012\/11\/adriatiqa-logo.png","contentUrl":"https:\/\/www.adriatiqa.com\/wp-content\/uploads\/2012\/11\/adriatiqa-logo.png","width":297,"height":57,"caption":"ATE Globalis d.o.o."},"image":{"@id":"https:\/\/www.adriatiqa.com\/sl\/#\/schema\/logo\/image\/"},"sameAs":["https:\/\/www.facebook.com\/AdriatIQa","https:\/\/www.linkedin.com\/company\/adriatiqa-translations"]}]}},"_links":{"self":[{"href":"https:\/\/www.adriatiqa.com\/sl\/wp-json\/wp\/v2\/pages\/5841","targetHints":{"allow":["GET"]}}],"collection":[{"href":"https:\/\/www.adriatiqa.com\/sl\/wp-json\/wp\/v2\/pages"}],"about":[{"href":"https:\/\/www.adriatiqa.com\/sl\/wp-json\/wp\/v2\/types\/page"}],"author":[{"embeddable":true,"href":"https:\/\/www.adriatiqa.com\/sl\/wp-json\/wp\/v2\/users\/4"}],"replies":[{"embeddable":true,"href":"https:\/\/www.adriatiqa.com\/sl\/wp-json\/wp\/v2\/comments?post=5841"}],"version-history":[{"count":3,"href":"https:\/\/www.adriatiqa.com\/sl\/wp-json\/wp\/v2\/pages\/5841\/revisions"}],"predecessor-version":[{"id":30881,"href":"https:\/\/www.adriatiqa.com\/sl\/wp-json\/wp\/v2\/pages\/5841\/revisions\/30881"}],"wp:attachment":[{"href":"https:\/\/www.adriatiqa.com\/sl\/wp-json\/wp\/v2\/media?parent=5841"}],"curies":[{"name":"wp","href":"https:\/\/api.w.org\/{rel}","templated":true}]}}