{"id":5855,"date":"2022-01-18T10:22:45","date_gmt":"2022-01-18T09:22:45","guid":{"rendered":"https:\/\/www.adriatiqa.com\/?page_id=5855"},"modified":"2022-10-20T09:36:44","modified_gmt":"2022-10-20T07:36:44","slug":"slovenska-beseda-leta-2021-je-pct","status":"publish","type":"page","link":"https:\/\/www.adriatiqa.com\/sl\/slovenska-beseda-leta-2021-je-pct\/","title":{"rendered":"Slovenska beseda leta 2021 je PCT"},"content":{"rendered":"<p>[vc_column_text width=&#8221;2\/3&#8243; el_position=&#8221;first&#8221;]<\/p>\n<p><b>Novi koronavirus je tudi v preteklem letu dodobra krojil na\u0161a \u017eivljenja, zato ni prav nobeno presene\u010denje, da je zaznamoval tudi izbor za besedo leta 2021. V okviru akcije Beseda leta je bila tako izbrana beseda \u00bbPCT\u00ab, ki \u2013 kot zdaj \u017ee vsi dobro vemo \u2013 pomeni \u00bbprebolel, cepljen, testiran\u00ab. Kako pa je pravzaprav potekal izbor, kdo so bili finalisti, katera je kretnja leta in kako smo izbirali v preteklih letih? Pa poglejmo!<\/b><\/p>\n<p>&nbsp;<\/p>\n<h4><span style=\"color: #0099cc;\"><b>Beseda leta 2021<\/b><\/span><\/h4>\n<p>Izbor za besedo leta 2021 je \u017ee \u0161esto leto zapored pripravil ZRC SAZU. V prvem koraku je strokovna komisija med ve\u010d kot 250 razli\u010dnimi predlogi izbrala deset finalistk, v izbor pa je bila nato dodana \u0161e Delova beseda leta (odlok). Z glasovanjem (letos je glasovalo ve\u010d kot 4000 ljudi) je bila nato izbrana beseda leta 2021, ki je \u2013 kot \u017ee omenjeno \u2013 PCT.<\/p>\n<p>In katere besede so se sicer zna\u0161le med finalisti? V deseterico so se uvrstile besede dolgi kovid, komunikacija, kronometer, odlok, PCT, po\u017eivitven, proticepilec, samotestiranje, sledilnik, stroka in voda. Zmagovalni besedi \u00bbPCT\u00ab je tesno sledila drugouvr\u0161\u010dena beseda \u00bbvoda\u00ab, na tretjem mestu pa se je zna\u0161la beseda \u00bbproticepilec\u00ab.<\/p>\n<p>Z ZRC SAZU so sporo\u010dili \u0161e, da si je med neologizmi kot najbolj posre\u010dena posebno omembo zaslu\u017eila tudi beseda \u00bbkoronijec\u00ab, ki ozna\u010duje pripadnika generacije, rojene v \u010dasu korone.<\/p>\n<p>&nbsp;<\/p>\n<h4><span style=\"color: #0099cc;\"><b>Kretnja leta 2021<\/b><\/span><\/h4>\n<p>Vzporedno z besedo leta je Zveza dru\u0161tev gluhih in naglu\u0161nih Slovenije \u017ee tretje leto izbirala tudi kretnjo leta. Tudi na tem podro\u010dju brez pandemije ni \u0161lo, saj se je nanjo navezovala ve\u010d kot polovica predlogov. Tudi za kretnjo leta je bila tako izbrana kratica \u00bbPCT\u00ab.<\/p>\n<h4><\/h4>\n<p>&nbsp;<\/p>\n<h4><span style=\"color: #0099cc;\"><b>Kako smo izbirali v preteklih letih?<\/b><\/span><\/h4>\n<p>V lanskem letu je bila beseda leta, povsem razumljivo seveda, prav tako povezana z novim koronavirusom, izbrana je bila namre\u010d beseda \u00bbkarantena\u00ab. \u0160e pred tem pa so bile kot besede leta izbrane leta 2019 beseda \u00bbpodnebje\u00ab, leta 2018 beseda \u00bb\u010debela\u00ab, leta 2017 \u00bbevropski prvaki\u00ab, leta 2016 pa \u00bbbegunec\u00ab.<\/p>\n<p>Kretnjo leta so letos izbrali \u0161ele tretji\u010d. V lanskem letu je tudi izbor kretnje leta mo\u010dno zaznamovala epidemija, zato je bila kretnja leta 2020 kar \u00bbkoronavirus\u00ab, v letu 2019 pa je bila izbrana kretnja \u00bbustava\u00ab.<\/p>\n<p>&nbsp;<\/p>\n<h4><span style=\"color: #0099cc;\"><b>In naslednje leto?<\/b><\/span><\/h4>\n<p>Tega seveda \u0161e ne vemo, si pa vsi sr\u010dno \u017eelimo, da bi bila beseda leta 2022 manj povezana s pandemijo novega koronavirusa. Upamo torej, da ve\u010dine besed iz nabora finalistov za leto 2021 v letu 2022 ne bomo ve\u010d potrebovali. Kaj pravite, da bi bila beseda leta 2022 denimo \u00bbpotovanje\u00ab, \u00bbdru\u017eenje\u00ab ali pa morda kar \u00bbnormalnost\u00ab? Dr\u017eimo pesti, da se nam \u017eelje uresni\u010dijo!<\/p>\n<p>[\/vc_column_text] [vc_single_image image=&#8221;5857&#8243; img_size=&#8221;full&#8221; img_link_target=&#8221;pphoto&#8221; width=&#8221;1\/3&#8243; el_position=&#8221;last&#8221;]<\/p>\n","protected":false},"excerpt":{"rendered":"<p>[vc_column_text width=&#8221;2\/3&#8243; el_position=&#8221;first&#8221;] Novi koronavirus je tudi v preteklem letu dodobra krojil na\u0161a \u017eivljenja, zato ni prav nobeno presene\u010denje, da&#8230;<\/p>\n","protected":false},"author":4,"featured_media":0,"parent":0,"menu_order":0,"comment_status":"closed","ping_status":"closed","template":"","meta":{"footnotes":""},"class_list":["post-5855","page","type-page","status-publish"],"yoast_head":"<!-- This site is optimized with the Yoast SEO plugin v27.5 - https:\/\/yoast.com\/product\/yoast-seo-wordpress\/ -->\n<title>Slovenska beseda leta 2021 je PCT | AdriatIQa Prevodi, prevajalska agencija<\/title>\n<meta name=\"description\" content=\"V okviru akcije Beseda leta je bila za leto 2021 izbrana beseda \u00bbPCT\u00ab. Kako pa je pravzaprav potekal izbor in kdo so bili finalisti?\" \/>\n<meta name=\"robots\" content=\"index, follow, max-snippet:-1, max-image-preview:large, max-video-preview:-1\" \/>\n<link rel=\"canonical\" href=\"https:\/\/www.adriatiqa.com\/sl\/slovenska-beseda-leta-2021-je-pct\/\" \/>\n<meta name=\"twitter:label1\" content=\"Est. reading time\" \/>\n\t<meta name=\"twitter:data1\" content=\"2 minutes\" \/>\n<script type=\"application\/ld+json\" class=\"yoast-schema-graph\">{\"@context\":\"https:\\\/\\\/schema.org\",\"@graph\":[{\"@type\":\"WebPage\",\"@id\":\"https:\\\/\\\/www.adriatiqa.com\\\/sl\\\/slovenska-beseda-leta-2021-je-pct\\\/\",\"url\":\"https:\\\/\\\/www.adriatiqa.com\\\/sl\\\/slovenska-beseda-leta-2021-je-pct\\\/\",\"name\":\"Slovenska beseda leta 2021 je PCT | AdriatIQa Prevodi, prevajalska agencija\",\"isPartOf\":{\"@id\":\"https:\\\/\\\/www.adriatiqa.com\\\/sl\\\/#website\"},\"datePublished\":\"2022-01-18T09:22:45+00:00\",\"dateModified\":\"2022-10-20T07:36:44+00:00\",\"description\":\"V okviru akcije Beseda leta je bila za leto 2021 izbrana beseda \u00bbPCT\u00ab. Kako pa je pravzaprav potekal izbor in kdo so bili finalisti?\",\"breadcrumb\":{\"@id\":\"https:\\\/\\\/www.adriatiqa.com\\\/sl\\\/slovenska-beseda-leta-2021-je-pct\\\/#breadcrumb\"},\"inLanguage\":\"sl\",\"potentialAction\":[{\"@type\":\"ReadAction\",\"target\":[\"https:\\\/\\\/www.adriatiqa.com\\\/sl\\\/slovenska-beseda-leta-2021-je-pct\\\/\"]}]},{\"@type\":\"BreadcrumbList\",\"@id\":\"https:\\\/\\\/www.adriatiqa.com\\\/sl\\\/slovenska-beseda-leta-2021-je-pct\\\/#breadcrumb\",\"itemListElement\":[{\"@type\":\"ListItem\",\"position\":1,\"name\":\"Home\",\"item\":\"https:\\\/\\\/www.adriatiqa.com\\\/sl\\\/\"},{\"@type\":\"ListItem\",\"position\":2,\"name\":\"Slovenska beseda leta 2021 je PCT\"}]},{\"@type\":\"WebSite\",\"@id\":\"https:\\\/\\\/www.adriatiqa.com\\\/sl\\\/#website\",\"url\":\"https:\\\/\\\/www.adriatiqa.com\\\/sl\\\/\",\"name\":\"AdriatIQa Prevodi, prevajalska agencija\",\"description\":\"Prevajanje, prevod v angle\u0161\u010dino, nem\u0161\u010dino\",\"publisher\":{\"@id\":\"https:\\\/\\\/www.adriatiqa.com\\\/sl\\\/#organization\"},\"potentialAction\":[{\"@type\":\"SearchAction\",\"target\":{\"@type\":\"EntryPoint\",\"urlTemplate\":\"https:\\\/\\\/www.adriatiqa.com\\\/sl\\\/?s={search_term_string}\"},\"query-input\":{\"@type\":\"PropertyValueSpecification\",\"valueRequired\":true,\"valueName\":\"search_term_string\"}}],\"inLanguage\":\"sl\"},{\"@type\":\"Organization\",\"@id\":\"https:\\\/\\\/www.adriatiqa.com\\\/sl\\\/#organization\",\"name\":\"ATE Globalis d.o.o.\",\"url\":\"https:\\\/\\\/www.adriatiqa.com\\\/sl\\\/\",\"logo\":{\"@type\":\"ImageObject\",\"inLanguage\":\"sl\",\"@id\":\"https:\\\/\\\/www.adriatiqa.com\\\/sl\\\/#\\\/schema\\\/logo\\\/image\\\/\",\"url\":\"https:\\\/\\\/www.adriatiqa.com\\\/wp-content\\\/uploads\\\/2012\\\/11\\\/adriatiqa-logo.png\",\"contentUrl\":\"https:\\\/\\\/www.adriatiqa.com\\\/wp-content\\\/uploads\\\/2012\\\/11\\\/adriatiqa-logo.png\",\"width\":297,\"height\":57,\"caption\":\"ATE Globalis d.o.o.\"},\"image\":{\"@id\":\"https:\\\/\\\/www.adriatiqa.com\\\/sl\\\/#\\\/schema\\\/logo\\\/image\\\/\"},\"sameAs\":[\"https:\\\/\\\/www.facebook.com\\\/AdriatIQa\",\"https:\\\/\\\/www.linkedin.com\\\/company\\\/adriatiqa-translations\"]}]}<\/script>\n<!-- \/ Yoast SEO plugin. -->","yoast_head_json":{"title":"Slovenska beseda leta 2021 je PCT | AdriatIQa Prevodi, prevajalska agencija","description":"V okviru akcije Beseda leta je bila za leto 2021 izbrana beseda \u00bbPCT\u00ab. Kako pa je pravzaprav potekal izbor in kdo so bili finalisti?","robots":{"index":"index","follow":"follow","max-snippet":"max-snippet:-1","max-image-preview":"max-image-preview:large","max-video-preview":"max-video-preview:-1"},"canonical":"https:\/\/www.adriatiqa.com\/sl\/slovenska-beseda-leta-2021-je-pct\/","twitter_misc":{"Est. reading time":"2 minutes"},"schema":{"@context":"https:\/\/schema.org","@graph":[{"@type":"WebPage","@id":"https:\/\/www.adriatiqa.com\/sl\/slovenska-beseda-leta-2021-je-pct\/","url":"https:\/\/www.adriatiqa.com\/sl\/slovenska-beseda-leta-2021-je-pct\/","name":"Slovenska beseda leta 2021 je PCT | AdriatIQa Prevodi, prevajalska agencija","isPartOf":{"@id":"https:\/\/www.adriatiqa.com\/sl\/#website"},"datePublished":"2022-01-18T09:22:45+00:00","dateModified":"2022-10-20T07:36:44+00:00","description":"V okviru akcije Beseda leta je bila za leto 2021 izbrana beseda \u00bbPCT\u00ab. Kako pa je pravzaprav potekal izbor in kdo so bili finalisti?","breadcrumb":{"@id":"https:\/\/www.adriatiqa.com\/sl\/slovenska-beseda-leta-2021-je-pct\/#breadcrumb"},"inLanguage":"sl","potentialAction":[{"@type":"ReadAction","target":["https:\/\/www.adriatiqa.com\/sl\/slovenska-beseda-leta-2021-je-pct\/"]}]},{"@type":"BreadcrumbList","@id":"https:\/\/www.adriatiqa.com\/sl\/slovenska-beseda-leta-2021-je-pct\/#breadcrumb","itemListElement":[{"@type":"ListItem","position":1,"name":"Home","item":"https:\/\/www.adriatiqa.com\/sl\/"},{"@type":"ListItem","position":2,"name":"Slovenska beseda leta 2021 je PCT"}]},{"@type":"WebSite","@id":"https:\/\/www.adriatiqa.com\/sl\/#website","url":"https:\/\/www.adriatiqa.com\/sl\/","name":"AdriatIQa Prevodi, prevajalska agencija","description":"Prevajanje, prevod v angle\u0161\u010dino, nem\u0161\u010dino","publisher":{"@id":"https:\/\/www.adriatiqa.com\/sl\/#organization"},"potentialAction":[{"@type":"SearchAction","target":{"@type":"EntryPoint","urlTemplate":"https:\/\/www.adriatiqa.com\/sl\/?s={search_term_string}"},"query-input":{"@type":"PropertyValueSpecification","valueRequired":true,"valueName":"search_term_string"}}],"inLanguage":"sl"},{"@type":"Organization","@id":"https:\/\/www.adriatiqa.com\/sl\/#organization","name":"ATE Globalis d.o.o.","url":"https:\/\/www.adriatiqa.com\/sl\/","logo":{"@type":"ImageObject","inLanguage":"sl","@id":"https:\/\/www.adriatiqa.com\/sl\/#\/schema\/logo\/image\/","url":"https:\/\/www.adriatiqa.com\/wp-content\/uploads\/2012\/11\/adriatiqa-logo.png","contentUrl":"https:\/\/www.adriatiqa.com\/wp-content\/uploads\/2012\/11\/adriatiqa-logo.png","width":297,"height":57,"caption":"ATE Globalis d.o.o."},"image":{"@id":"https:\/\/www.adriatiqa.com\/sl\/#\/schema\/logo\/image\/"},"sameAs":["https:\/\/www.facebook.com\/AdriatIQa","https:\/\/www.linkedin.com\/company\/adriatiqa-translations"]}]}},"_links":{"self":[{"href":"https:\/\/www.adriatiqa.com\/sl\/wp-json\/wp\/v2\/pages\/5855","targetHints":{"allow":["GET"]}}],"collection":[{"href":"https:\/\/www.adriatiqa.com\/sl\/wp-json\/wp\/v2\/pages"}],"about":[{"href":"https:\/\/www.adriatiqa.com\/sl\/wp-json\/wp\/v2\/types\/page"}],"author":[{"embeddable":true,"href":"https:\/\/www.adriatiqa.com\/sl\/wp-json\/wp\/v2\/users\/4"}],"replies":[{"embeddable":true,"href":"https:\/\/www.adriatiqa.com\/sl\/wp-json\/wp\/v2\/comments?post=5855"}],"version-history":[{"count":5,"href":"https:\/\/www.adriatiqa.com\/sl\/wp-json\/wp\/v2\/pages\/5855\/revisions"}],"predecessor-version":[{"id":30880,"href":"https:\/\/www.adriatiqa.com\/sl\/wp-json\/wp\/v2\/pages\/5855\/revisions\/30880"}],"wp:attachment":[{"href":"https:\/\/www.adriatiqa.com\/sl\/wp-json\/wp\/v2\/media?parent=5855"}],"curies":[{"name":"wp","href":"https:\/\/api.w.org\/{rel}","templated":true}]}}