{"id":5860,"date":"2022-01-18T10:27:37","date_gmt":"2022-01-18T09:27:37","guid":{"rendered":"https:\/\/www.adriatiqa.com\/?page_id=5860"},"modified":"2022-10-20T09:33:50","modified_gmt":"2022-10-20T07:33:50","slug":"najpogostejse-kratice-v-poslovni-anglescini","status":"publish","type":"page","link":"https:\/\/www.adriatiqa.com\/sl\/najpogostejse-kratice-v-poslovni-anglescini\/","title":{"rendered":"Najpogostej\u0161e kratice v poslovni angle\u0161\u010dini"},"content":{"rendered":"<p>[vc_column_text width=&#8221;2\/3&#8243; el_position=&#8221;first&#8221;]<\/p>\n<p>Pri poslovni komunikaciji v angle\u0161kem jeziku verjetno pogosto dobite e-po\u0161tno sporo\u010dilo, ki vsebuje razli\u010dne kratice. Nekatere ste seveda sli\u0161ali \u017ee ne\u0161tetokrat in so vam zato povsem razumljive, z drugimi pa se morda sre\u010dujete prvi\u010d in niste povsem prepri\u010dani, kaj pomenijo. Za vas smo pripravili kratek pregled najpogostej\u0161ih kratic v poslovni angle\u0161\u010dini, ki vam bo pri komunikaciji s poslovnimi partnerji verjetno pri\u0161el precej prav. Pa poglejmo!<\/p>\n<p>&nbsp;<\/p>\n<h4><span style=\"color: #0099cc;\"><b>Kdo vam pravzaprav pi\u0161e?<\/b><\/span><\/h4>\n<p>V angle\u0161\u010dini se za ozna\u010devanje nazivov zaposlenih v podjetju pogosto uporabljajo razli\u010dne kratice, ki bi jih morali poznati. Tako se vam lahko denimo zgodi, da boste prejeli e-po\u0161tno sporo\u010dilo od naslednjih ljudi:<\/p>\n<ul>\n<li><b>CEO<\/b> (<i>chief executive officer<\/i>) \u2013 generalni direktor,<\/li>\n<li><b>CFO<\/b> (<i>chief financial officer<\/i>) \u2013 finan\u010dni direktor,<\/li>\n<li><b>COO<\/b> (<i>chief operating officer<\/i>) \u2013 operativni direktor,<\/li>\n<li><b>CTO<\/b> (<i>chief tehnology officer<\/i>) \u2013 direktor za tehnolo\u0161ki razvoj,<\/li>\n<li><b>CIO<\/b> (<i>chief information officer<\/i>) \u2013 direktor informatike,<\/li>\n<li><b>KAM<\/b> (<i>key account manager<\/i>) \u2013 skrbnik klju\u010dnih kupcev.<\/li>\n<\/ul>\n<p>&nbsp;<\/p>\n<h4><span style=\"color: #0099cc;\"><b>Ali vam oseba, ki vam pi\u0161e, \u017eeli sporo\u010diti kaj posebnega?<\/b><\/span><\/h4>\n<p>Potem bo v naslovu e-po\u0161tnega sporo\u010dila morda zapisana kratica <b>ATTN<\/b> (<i>attention<\/i>), ki pomeni, da morate biti pozorni, saj gre za nekaj pomembnega. Podobno pozorni morate biti tudi na kratico <b>FYA<\/b> (<i>for your action<\/i>), saj to pomeni, da po\u0161iljatelj od vas zahteva, da nekaj storite oziroma da ustrezno ukrepate.<\/p>\n<p>In kako hitro morate ukrepati? No, \u010de bo po\u0161iljatelj uporabil kratico <b>ASAP<\/b> (<i>as soon as possible<\/i>), se o\u010ditno mudi, zato morate nalogo opraviti \u010dim prej. Morda pa je pomembno le, da je zadeva opravljena v istem dnevu; v tem primeru vam bodo to obi\u010dajno sporo\u010dili s kratico <b>EOD<\/b> (<i>end of day<\/i>), <b>EOB<\/b> (<i>end of business<\/i>) ali <b>COB<\/b> (<i>close of business<\/i>). Vse na\u0161tete kratice pomenijo enako in ozna\u010dujejo konec delovnega dne, kar obi\u010dajno pomeni do 16. ali v nekaterih primerih do 17. ure.<\/p>\n<p>&nbsp;<\/p>\n<h4><span style=\"color: #0099cc;\"><b>Kaj pa, \u010de ne gre za ni\u010d nujnega?<\/b><\/span><\/h4>\n<p>V poslovni komunikaciji se v tem primeru pogosto uporablja kratica <b>FYI<\/b> (<i>for your information<\/i>), s katero vam po\u0161iljatelj sporo\u010da, da vam \u017eeli le predati dolo\u010dene informacije, posebno ukrepanje z va\u0161e strani pa v tem primeru obi\u010dajno ni pri\u010dakovano.<\/p>\n<p>\u0160e ena uporabna kratica: \u010de denimo sami po\u0161iljate kak\u0161no obvestilo, na katerega ne pri\u010dakujete odgovora ali pa ga celo ne \u017eelite (to je \u0161e posebej pomembno v primeru, \u010de enako sporo\u010dilo po\u0161iljate ve\u010d prejemnikom in ne \u017eelite, da vam ti preplavijo va\u0161 e-po\u0161tni nabiralnik s sporo\u010dili s potrditvijo prejema), lahko uporabite kratico <b>NRN<\/b> (<i>no reply necessary<\/i>), ki prejemnikom sporo\u010da, da jim na va\u0161e sporo\u010dilo ni treba odgovarjati.<\/p>\n<p>&nbsp;<\/p>\n<h4><span style=\"color: #0099cc;\"><b>Komu je bilo sporo\u010dilo sploh poslano?<\/b><\/span><\/h4>\n<p>Glede glavnega prejemnika sporo\u010dila obi\u010dajno ni nobenega dvoma \u2013 to je oseba, ki ji je sporo\u010dilo namenjeno. Nekoliko ve\u010d dilem pa je v\u010dasih pri ostalih kraticah. Kratica <b>CC<\/b> (<i>carbon copy<\/i>) pomeni, da nekomu po\u0161ljemo kopijo sporo\u010dila, ki je primarno namenjeno nekomu drugemu. Obi\u010dajno to storimo, ko \u017eelimo \u0161e nekoga seznaniti z vsebino sporo\u010dila, ki je namenjeno drugemu prejemniku.<\/p>\n<p>In \u010de \u017eelite to storiti naskrivaj? Potem boste uporabili funkcijo s kratico <b>BCC<\/b> (<i>blind carbon copy<\/i>), ki ji pri nas obi\u010dajno re\u010demo skrita kopija. Tudi ta bo kopijo sporo\u010dila poslala tretji osebi, pri tem pa originalni naslovnik ne bo videl, da je bilo sporo\u010dilo poslano \u0161e drugim prejemnikom.<\/p>\n<p>&nbsp;<\/p>\n<h4><span style=\"color: #0099cc;\"><b>Je prejemnik sploh v pisarni?<\/b><\/span><\/h4>\n<p>\u010ce boste prejeli odgovor z oznako <b>OoO<\/b> oziroma <b>OOO<\/b>, potem vedite, da se prejemnik, ki ste mu poslali sporo\u010dilo, najverjetneje pravkar namaka v toplicah, son\u010di na pla\u017ei \u2013 ali pa morda le\u017ei v postelji s ka\u0161ljem in vro\u010dino. Obe kratici namre\u010d ozna\u010dujeta frazo <i>out of office<\/i>, ki sporo\u010da, da naslovnika trenutno ni v pisarni \u2013 pa naj bo to zaradi po\u010ditnic, poslovnega potovanja ali bolni\u0161ke odsotnosti. Obi\u010dajno je zraven dodan tudi kontakt osebe, ki je na voljo za nujne stvari v \u010dasu odsotnosti, pa tudi predviden datum, kdaj se bo naslovnik znova vrnil v pisarno.<\/p>\n<p>&nbsp;<\/p>\n<h4><span style=\"color: #0099cc;\"><b>Kaj pa RSVP?<\/b><\/span><\/h4>\n<p>RSVP je kratica, ki jo pogosto opazimo v poslovnih e-po\u0161tnih sporo\u010dilih, vendar pa ne izvira iz angle\u0161kega, pa\u010d pa iz francoskega jezika. A ker se precej redno pojavlja, povejmo \u0161e nekaj o njej. Kratica <b>RSVP<\/b> (<i>r\u00e9pondez s\u2019il vous pla\u00eet<\/i>) v prevodu pomeni \u00bbprosimo, odgovorite\u00ab in je namenjena pozivu prejemnika, naj na elektronsko sporo\u010dilo odgovori.<\/p>\n<p>[\/vc_column_text] [vc_single_image image=&#8221;5861&#8243; img_size=&#8221;full&#8221; img_link_target=&#8221;pphoto&#8221; width=&#8221;1\/3&#8243; el_position=&#8221;last&#8221;]<\/p>\n","protected":false},"excerpt":{"rendered":"<p>[vc_column_text width=&#8221;2\/3&#8243; el_position=&#8221;first&#8221;] Pri poslovni komunikaciji v angle\u0161kem jeziku verjetno pogosto dobite e-po\u0161tno sporo\u010dilo, ki vsebuje razli\u010dne kratice. Nekatere ste&#8230;<\/p>\n","protected":false},"author":4,"featured_media":0,"parent":0,"menu_order":0,"comment_status":"closed","ping_status":"closed","template":"","meta":{"footnotes":""},"class_list":["post-5860","page","type-page","status-publish"],"yoast_head":"<!-- This site is optimized with the Yoast SEO plugin v27.5 - https:\/\/yoast.com\/product\/yoast-seo-wordpress\/ -->\n<title>Najpogostej\u0161e kratice v poslovni angle\u0161\u010dini | AdriatIQa Prevodi, prevajalska agencija<\/title>\n<meta name=\"description\" content=\"Pri poslovni komunikaciji v angle\u0161kem jeziku verjetno pogosto dobite e-po\u0161tno sporo\u010dilo, ki vsebuje razli\u010dne kratice. Zato smo pripravili kratek pregled najpogostej\u0161ih kratic v poslovni angle\u0161\u010dini.\" \/>\n<meta name=\"robots\" content=\"index, follow, max-snippet:-1, max-image-preview:large, max-video-preview:-1\" \/>\n<link rel=\"canonical\" href=\"https:\/\/www.adriatiqa.com\/sl\/najpogostejse-kratice-v-poslovni-anglescini\/\" \/>\n<meta name=\"twitter:label1\" content=\"Est. reading time\" \/>\n\t<meta name=\"twitter:data1\" content=\"3 minutes\" \/>\n<script type=\"application\/ld+json\" class=\"yoast-schema-graph\">{\"@context\":\"https:\\\/\\\/schema.org\",\"@graph\":[{\"@type\":\"WebPage\",\"@id\":\"https:\\\/\\\/www.adriatiqa.com\\\/sl\\\/najpogostejse-kratice-v-poslovni-anglescini\\\/\",\"url\":\"https:\\\/\\\/www.adriatiqa.com\\\/sl\\\/najpogostejse-kratice-v-poslovni-anglescini\\\/\",\"name\":\"Najpogostej\u0161e kratice v poslovni angle\u0161\u010dini | AdriatIQa Prevodi, prevajalska agencija\",\"isPartOf\":{\"@id\":\"https:\\\/\\\/www.adriatiqa.com\\\/sl\\\/#website\"},\"datePublished\":\"2022-01-18T09:27:37+00:00\",\"dateModified\":\"2022-10-20T07:33:50+00:00\",\"description\":\"Pri poslovni komunikaciji v angle\u0161kem jeziku verjetno pogosto dobite e-po\u0161tno sporo\u010dilo, ki vsebuje razli\u010dne kratice. Zato smo pripravili kratek pregled najpogostej\u0161ih kratic v poslovni angle\u0161\u010dini.\",\"breadcrumb\":{\"@id\":\"https:\\\/\\\/www.adriatiqa.com\\\/sl\\\/najpogostejse-kratice-v-poslovni-anglescini\\\/#breadcrumb\"},\"inLanguage\":\"sl\",\"potentialAction\":[{\"@type\":\"ReadAction\",\"target\":[\"https:\\\/\\\/www.adriatiqa.com\\\/sl\\\/najpogostejse-kratice-v-poslovni-anglescini\\\/\"]}]},{\"@type\":\"BreadcrumbList\",\"@id\":\"https:\\\/\\\/www.adriatiqa.com\\\/sl\\\/najpogostejse-kratice-v-poslovni-anglescini\\\/#breadcrumb\",\"itemListElement\":[{\"@type\":\"ListItem\",\"position\":1,\"name\":\"Home\",\"item\":\"https:\\\/\\\/www.adriatiqa.com\\\/sl\\\/\"},{\"@type\":\"ListItem\",\"position\":2,\"name\":\"Najpogostej\u0161e kratice v poslovni angle\u0161\u010dini\"}]},{\"@type\":\"WebSite\",\"@id\":\"https:\\\/\\\/www.adriatiqa.com\\\/sl\\\/#website\",\"url\":\"https:\\\/\\\/www.adriatiqa.com\\\/sl\\\/\",\"name\":\"AdriatIQa Prevodi, prevajalska agencija\",\"description\":\"Prevajanje, prevod v angle\u0161\u010dino, nem\u0161\u010dino\",\"publisher\":{\"@id\":\"https:\\\/\\\/www.adriatiqa.com\\\/sl\\\/#organization\"},\"potentialAction\":[{\"@type\":\"SearchAction\",\"target\":{\"@type\":\"EntryPoint\",\"urlTemplate\":\"https:\\\/\\\/www.adriatiqa.com\\\/sl\\\/?s={search_term_string}\"},\"query-input\":{\"@type\":\"PropertyValueSpecification\",\"valueRequired\":true,\"valueName\":\"search_term_string\"}}],\"inLanguage\":\"sl\"},{\"@type\":\"Organization\",\"@id\":\"https:\\\/\\\/www.adriatiqa.com\\\/sl\\\/#organization\",\"name\":\"ATE Globalis d.o.o.\",\"url\":\"https:\\\/\\\/www.adriatiqa.com\\\/sl\\\/\",\"logo\":{\"@type\":\"ImageObject\",\"inLanguage\":\"sl\",\"@id\":\"https:\\\/\\\/www.adriatiqa.com\\\/sl\\\/#\\\/schema\\\/logo\\\/image\\\/\",\"url\":\"https:\\\/\\\/www.adriatiqa.com\\\/wp-content\\\/uploads\\\/2012\\\/11\\\/adriatiqa-logo.png\",\"contentUrl\":\"https:\\\/\\\/www.adriatiqa.com\\\/wp-content\\\/uploads\\\/2012\\\/11\\\/adriatiqa-logo.png\",\"width\":297,\"height\":57,\"caption\":\"ATE Globalis d.o.o.\"},\"image\":{\"@id\":\"https:\\\/\\\/www.adriatiqa.com\\\/sl\\\/#\\\/schema\\\/logo\\\/image\\\/\"},\"sameAs\":[\"https:\\\/\\\/www.facebook.com\\\/AdriatIQa\",\"https:\\\/\\\/www.linkedin.com\\\/company\\\/adriatiqa-translations\"]}]}<\/script>\n<!-- \/ Yoast SEO plugin. -->","yoast_head_json":{"title":"Najpogostej\u0161e kratice v poslovni angle\u0161\u010dini | AdriatIQa Prevodi, prevajalska agencija","description":"Pri poslovni komunikaciji v angle\u0161kem jeziku verjetno pogosto dobite e-po\u0161tno sporo\u010dilo, ki vsebuje razli\u010dne kratice. Zato smo pripravili kratek pregled najpogostej\u0161ih kratic v poslovni angle\u0161\u010dini.","robots":{"index":"index","follow":"follow","max-snippet":"max-snippet:-1","max-image-preview":"max-image-preview:large","max-video-preview":"max-video-preview:-1"},"canonical":"https:\/\/www.adriatiqa.com\/sl\/najpogostejse-kratice-v-poslovni-anglescini\/","twitter_misc":{"Est. reading time":"3 minutes"},"schema":{"@context":"https:\/\/schema.org","@graph":[{"@type":"WebPage","@id":"https:\/\/www.adriatiqa.com\/sl\/najpogostejse-kratice-v-poslovni-anglescini\/","url":"https:\/\/www.adriatiqa.com\/sl\/najpogostejse-kratice-v-poslovni-anglescini\/","name":"Najpogostej\u0161e kratice v poslovni angle\u0161\u010dini | AdriatIQa Prevodi, prevajalska agencija","isPartOf":{"@id":"https:\/\/www.adriatiqa.com\/sl\/#website"},"datePublished":"2022-01-18T09:27:37+00:00","dateModified":"2022-10-20T07:33:50+00:00","description":"Pri poslovni komunikaciji v angle\u0161kem jeziku verjetno pogosto dobite e-po\u0161tno sporo\u010dilo, ki vsebuje razli\u010dne kratice. Zato smo pripravili kratek pregled najpogostej\u0161ih kratic v poslovni angle\u0161\u010dini.","breadcrumb":{"@id":"https:\/\/www.adriatiqa.com\/sl\/najpogostejse-kratice-v-poslovni-anglescini\/#breadcrumb"},"inLanguage":"sl","potentialAction":[{"@type":"ReadAction","target":["https:\/\/www.adriatiqa.com\/sl\/najpogostejse-kratice-v-poslovni-anglescini\/"]}]},{"@type":"BreadcrumbList","@id":"https:\/\/www.adriatiqa.com\/sl\/najpogostejse-kratice-v-poslovni-anglescini\/#breadcrumb","itemListElement":[{"@type":"ListItem","position":1,"name":"Home","item":"https:\/\/www.adriatiqa.com\/sl\/"},{"@type":"ListItem","position":2,"name":"Najpogostej\u0161e kratice v poslovni angle\u0161\u010dini"}]},{"@type":"WebSite","@id":"https:\/\/www.adriatiqa.com\/sl\/#website","url":"https:\/\/www.adriatiqa.com\/sl\/","name":"AdriatIQa Prevodi, prevajalska agencija","description":"Prevajanje, prevod v angle\u0161\u010dino, nem\u0161\u010dino","publisher":{"@id":"https:\/\/www.adriatiqa.com\/sl\/#organization"},"potentialAction":[{"@type":"SearchAction","target":{"@type":"EntryPoint","urlTemplate":"https:\/\/www.adriatiqa.com\/sl\/?s={search_term_string}"},"query-input":{"@type":"PropertyValueSpecification","valueRequired":true,"valueName":"search_term_string"}}],"inLanguage":"sl"},{"@type":"Organization","@id":"https:\/\/www.adriatiqa.com\/sl\/#organization","name":"ATE Globalis d.o.o.","url":"https:\/\/www.adriatiqa.com\/sl\/","logo":{"@type":"ImageObject","inLanguage":"sl","@id":"https:\/\/www.adriatiqa.com\/sl\/#\/schema\/logo\/image\/","url":"https:\/\/www.adriatiqa.com\/wp-content\/uploads\/2012\/11\/adriatiqa-logo.png","contentUrl":"https:\/\/www.adriatiqa.com\/wp-content\/uploads\/2012\/11\/adriatiqa-logo.png","width":297,"height":57,"caption":"ATE Globalis d.o.o."},"image":{"@id":"https:\/\/www.adriatiqa.com\/sl\/#\/schema\/logo\/image\/"},"sameAs":["https:\/\/www.facebook.com\/AdriatIQa","https:\/\/www.linkedin.com\/company\/adriatiqa-translations"]}]}},"_links":{"self":[{"href":"https:\/\/www.adriatiqa.com\/sl\/wp-json\/wp\/v2\/pages\/5860","targetHints":{"allow":["GET"]}}],"collection":[{"href":"https:\/\/www.adriatiqa.com\/sl\/wp-json\/wp\/v2\/pages"}],"about":[{"href":"https:\/\/www.adriatiqa.com\/sl\/wp-json\/wp\/v2\/types\/page"}],"author":[{"embeddable":true,"href":"https:\/\/www.adriatiqa.com\/sl\/wp-json\/wp\/v2\/users\/4"}],"replies":[{"embeddable":true,"href":"https:\/\/www.adriatiqa.com\/sl\/wp-json\/wp\/v2\/comments?post=5860"}],"version-history":[{"count":4,"href":"https:\/\/www.adriatiqa.com\/sl\/wp-json\/wp\/v2\/pages\/5860\/revisions"}],"predecessor-version":[{"id":30878,"href":"https:\/\/www.adriatiqa.com\/sl\/wp-json\/wp\/v2\/pages\/5860\/revisions\/30878"}],"wp:attachment":[{"href":"https:\/\/www.adriatiqa.com\/sl\/wp-json\/wp\/v2\/media?parent=5860"}],"curies":[{"name":"wp","href":"https:\/\/api.w.org\/{rel}","templated":true}]}}