{"id":5939,"date":"2022-07-13T08:55:55","date_gmt":"2022-07-13T06:55:55","guid":{"rendered":"https:\/\/www.adriatiqa.com\/?page_id=5939"},"modified":"2022-10-19T09:39:52","modified_gmt":"2022-10-19T07:39:52","slug":"ali-veste-katera-besedila-morate-prevesti-za-prodajo","status":"publish","type":"page","link":"https:\/\/www.adriatiqa.com\/sl\/ali-veste-katera-besedila-morate-prevesti-za-prodajo\/","title":{"rendered":"Ali veste, katera besedila morate prevesti za prodajo?"},"content":{"rendered":"<p>[vc_column_text width=&#8221;2\/3&#8243; el_position=&#8221;first&#8221;]<\/p>\n<p><b>Nameravate prodajati izdelek ali izdelke na slovenskem trgu? Najbr\u017e \u017ee sami dobro veste, da prodaja kakr\u0161nihkoli stvari obi\u010dajno zahteva tudi ogromno dokumentacije. Ali veste, katera besedila morate pri prodaji izdelka pripraviti oziroma prevesti v slovenski jezik? <\/b><\/p>\n<h4><\/h4>\n<h4><span style=\"color: #0099cc;\"><b>Raba sloven\u0161\u010dine pri prodajnih aktivnostih<\/b><\/span><\/h4>\n<p>Sloven\u0161\u010dina je seveda uradni jezik na\u0161e dr\u017eave in materni jezik ve\u010dine prebivalcev Slovenije \u2013 seveda je prav, da ga uporabljamo tudi pri prodajnih in sorodnih aktivnostih. Rabo sloven\u0161\u010dine pri prodaji izdelkov dolo\u010data dva pomembna zakona: Zakon o javni rabi sloven\u0161\u010dine (<a href=\"http:\/\/www.pisrs.si\/Pis.web\/pregledPredpisa?id=ZAKO3924\">ZJRS<\/a>) in Zakon o varstvu potro\u0161nikov (<a href=\"http:\/\/www.pisrs.si\/Pis.web\/pregledPredpisa?id=ZAKO513\">ZVPot<\/a>).<\/p>\n<p>&nbsp;<\/p>\n<h4><span style=\"color: #0099cc;\"><b>Kaj pravita ZJRS in ZVPot o rabi sloven\u0161\u010dini pri prodaji izdelkov?<\/b><\/span><\/h4>\n<p>V Zakonu o javni rabi sloven\u0161\u010dine so za na\u0161o dana\u0161njo temo pomembni predvsem 14., 15. in 23. \u010dlen.<\/p>\n<p>&nbsp;<\/p>\n<p align=\"center\"><i>14. \u010dlen<\/i><b><i><\/i><\/b><\/p>\n<p align=\"center\"><i>(poslovanje s strankami)<\/i><b><i><\/i><\/b><\/p>\n<p><i>(1) Vse pravne osebe zasebnega prava in fizi\u010dne osebe, ki opravljajo registrirano dejavnost poslujejo s strankami na obmo\u010dju Republike Slovenije v sloven\u0161\u010dini. Kadar je njihovo poslovanje namenjeno tudi tujcem, se poleg sloven\u0161\u010dine lahko uporablja tudi tuji jezik.<\/i><i><\/i><\/p>\n<p><i>(2) Dol\u017enost zasebnega delodajalca ali delodajalke je, da glede na predvidljivo pogostnost in zahtevnost jezikovnih stikov s strankami:<\/i><i><\/i><\/p>\n<p><i>&#8211;\u00a0\u00a0\u00a0\u00a0\u00a0\u00a0 dolo\u010di za posamezno delovno mesto potrebno zahtevnostno stopnjo znanja sloven\u0161\u010dine;<\/i><i><\/i><\/p>\n<p><i>&#8211;\u00a0\u00a0\u00a0\u00a0\u00a0\u00a0 pri objavi prostih delovnih mest, na katerih se predvidevajo jezikovni stiki s strankami, kot pogoj izrecno navede zahtevnostno stopnjo znanja sloven\u0161\u010dine.<\/i><i><\/i><\/p>\n<p><i>\u00a0<\/i><\/p>\n<p align=\"center\"><i>15. \u010dlen<\/i><b><i><\/i><\/b><\/p>\n<p align=\"center\"><i>(besedila ob prodajnih izdelkih in storitvah)<\/i><b><i><\/i><\/b><\/p>\n<p><i>(1) Pri ozna\u010devanju in predstavljanju izdelkov in storitev morajo ponudniki potro\u0161niku potrebne informacije glede zna\u010dilnosti, prodajnih pogojev, uporabe in namembnosti izdelka ali storitve posredovati v sloven\u0161\u010dini oziroma v potro\u0161niku na obmo\u010dju Republike Slovenije zlahka razumljivem jeziku. Namesto besednega sporo\u010danja so dopustni tudi splo\u0161no razumljivi simboli in slike. Ta dolo\u010dba se ne nana\u0161a na tujejezi\u010dna imena blagovnih in storitvenih znamk.<\/i><i><\/i><\/p>\n<p><i>(2) Vsako \u017eivilo, zdravilo ali fitofarmacevtsko sredstvo, ki je v prodaji na obmo\u010dju Slovenije, mora imeti na ovojnini natisnjeno deklaracijo, navodilo za uporabo in vse druge potrebne podatke v sloven\u0161\u010dini, dodatno pa lahko tudi v tujih jezikih.<\/i><i><\/i><\/p>\n<p><i>(3) Besedila iz prvega in prej\u0161njega odstavka morajo biti napisana vidno, \u010ditljivo, za uporabnika razumljivo in v knji\u017enojezikovnem standardu.<\/i><\/p>\n<p><i>\u00a0<\/i><\/p>\n<p align=\"center\"><i>23. \u010dlen<\/i><b><i><\/i><\/b><\/p>\n<p align=\"center\"><i>(ogla\u0161evanje)<\/i><b><i><\/i><\/b><\/p>\n<p><i>(1) Javno ogla\u0161evanje izdelkov in storitev, predstavitev dejavnosti ter druge oblike obve\u0161\u010danja javnosti so skladno s podro\u010dnim zakonom v sloven\u0161\u010dini oziroma v potro\u0161niku na obmo\u010dju Republike Slovenije zlahka razumljivem jeziku. Kadarkoli se sloven\u0161\u010dina pojavlja skupaj s tujim jezikom, ker gre za ogla\u0161evanje, predstavitev dejavnosti ter druge oblike obve\u0161\u010danja, ki je namenjeno tudi tujcem, razli\u010dica v sloven\u0161\u010dini ne sme biti manj poudarjena.<\/i><i><\/i><\/p>\n<p><i>(2) Spletno predstavljanje in ogla\u0161evanje slovenskih pravnih oseb in fizi\u010dnih oseb z registrirano dejavnostjo mora biti v sloven\u0161\u010dini, dodatno pa lahko tudi v tujih jezikih.<\/i><i><\/i><\/p>\n<p><i>(3) V novinarskih, ogla\u0161evalskih in poslovnih besedilih, ki omenjajo kraje in druge zemljepisne danosti z obmo\u010dij sosednjih dr\u017eav, kjer avtohtono prebiva slovenska narodna manj\u0161ina, je obvezna slovenska ali dvojezi\u010dna raba krajevnih in drugih zemljepisnih lastnih imen.<\/i><i><\/i><\/p>\n<p><i>\u00a0<\/i><\/p>\n<p>Tudi Zakon o varstvu potro\u0161nikov v 1. odstavku 2. \u010dlena potrjuje nujnost uporabe slovenskega jezika pri prodajnih aktivnostih:<\/p>\n<p>&nbsp;<\/p>\n<p align=\"center\"><i>2. \u010dlen<\/i><\/p>\n<p><i>(1) Podjetje mora s potro\u0161niki poslovati v slovenskem jeziku, na obmo\u010djih kjer avtohtono \u017eivita italijanska ali mad\u017earska narodna skupnost pa tudi v jeziku narodne skupnosti. Pri tem mora v pisnih sporo\u010dilih uporabljati celotno ime svoje firme in sede\u017e. Pri ozna\u010devanju izdelkov mora potro\u0161niku posredovati potrebne informacije glede zna\u010dilnosti, prodajnih pogojev, uporabe in namembnosti izdelka. Te informacije morajo biti v jeziku, ki je potro\u0161nikom na obmo\u010dju Republike Slovenije lahko razumljiv. Namesto besednega jezika lahko podjetje pri ozna\u010devanju izdelkov uporablja tudi splo\u0161no razumljive simbole in slike<\/i><i>.<\/i><\/p>\n<p>&nbsp;<\/p>\n<p>Raba slovenskega jezika je torej predpisana na vseh ravneh prodaje izdelkov na slovenskem trgu: <b>pri dejanskem procesu prodaje, pri ogla\u0161evanju izdelka in tudi pri besedilih, ki se uporabljajo ob prodaji. <\/b>V praksi to pomeni, da morajo prodajalci pri komunikaciji s strankami uporabljati slovenski jezik (kadar je prodaja namenjena tujcem, lahko seveda tudi tujega), oglasna besedila morajo biti pripravljena v slovenskem jeziku, prav tako pa tudi besedila, ki ozna\u010dujejo in potro\u0161nikom predstavljajo izdelke.<\/p>\n<p>&nbsp;<\/p>\n<h4><span style=\"color: #0099cc;\"><b>Katera besedila morate torej prevesti za prodajo?<\/b><\/span><\/h4>\n<p>Ozna\u010dbe ali deklaracije, garancijski list in podobne dokumente. Izdelki, pri katerih bi z napa\u010dno rabo lahko povzro\u010dili nevarnost sebi ali drugim, ter izdelki, ki onesna\u017eujejo okolje, morajo imeti tudi prilo\u017eeno navodilo za uporabo, ki mora biti prav tako v sloven\u0161\u010dini. V sloven\u0161\u010dini pa morajo biti tudi oglasi, spletne strani in drugi promocijski materiali, ki se uporabljajo pri prodaji izdelka.<\/p>\n<p>\u010ce se teh pravil ne dr\u017eite, vas lahko \u010dakajo te\u017eave na dveh ravneh. Najprej globe v visokih zneskih, ki vas lahko po\u0161teno udarijo po denarnici. Ni\u010d manj pomembno pa ni, da lahko nespo\u0161tovanje teh pravil tudi zmanj\u0161a vrednost va\u0161ega izdelka v o\u010deh slovenskih potro\u0161nikov in tako posledi\u010dno vpliva na uspe\u0161nost prodaje, kar vas bo prav tako po\u0161teno udarilo po denarnici. Pomembno je torej, da vsa besedila, ki jih boste predstavili strankam, najprej <a href=\"https:\/\/www.adriatiqa.com\/sl\/prevajanje\/\">kakovostno prevedete<\/a>, saj boste le tako lahko zagotovili uspeh svojega podjetja.<\/p>\n<p>&nbsp;<\/p>\n<p>&nbsp;<\/p>\n<p>[\/vc_column_text] [vc_single_image image=&#8221;5958&#8243; img_size=&#8221;full&#8221; img_link_target=&#8221;pphoto&#8221; width=&#8221;1\/3&#8243; el_position=&#8221;last&#8221;]<\/p>\n","protected":false},"excerpt":{"rendered":"<p>[vc_column_text width=&#8221;2\/3&#8243; el_position=&#8221;first&#8221;] Nameravate prodajati izdelek ali izdelke na slovenskem trgu? Najbr\u017e \u017ee sami dobro veste, da prodaja kakr\u0161nihkoli stvari&#8230;<\/p>\n","protected":false},"author":4,"featured_media":0,"parent":0,"menu_order":0,"comment_status":"closed","ping_status":"closed","template":"","meta":{"footnotes":""},"class_list":["post-5939","page","type-page","status-publish"],"yoast_head":"<!-- This site is optimized with the Yoast SEO plugin v27.5 - https:\/\/yoast.com\/product\/yoast-seo-wordpress\/ -->\n<title>Ali veste, katera besedila morate prevesti za prodajo? | AdriatIQa Prevodi, prevajalska agencija<\/title>\n<meta name=\"description\" content=\"Nameravate prodajati izdelek ali izdelke na slovenskem trgu? Katera besedila morate pri prodaji izdelka pripraviti oziroma prevesti v slovenski jezik?\" \/>\n<meta name=\"robots\" content=\"index, follow, max-snippet:-1, max-image-preview:large, max-video-preview:-1\" \/>\n<link rel=\"canonical\" href=\"https:\/\/www.adriatiqa.com\/sl\/ali-veste-katera-besedila-morate-prevesti-za-prodajo\/\" \/>\n<meta name=\"twitter:label1\" content=\"Est. reading time\" \/>\n\t<meta name=\"twitter:data1\" content=\"4 minutes\" \/>\n<script type=\"application\/ld+json\" class=\"yoast-schema-graph\">{\"@context\":\"https:\\\/\\\/schema.org\",\"@graph\":[{\"@type\":\"WebPage\",\"@id\":\"https:\\\/\\\/www.adriatiqa.com\\\/sl\\\/ali-veste-katera-besedila-morate-prevesti-za-prodajo\\\/\",\"url\":\"https:\\\/\\\/www.adriatiqa.com\\\/sl\\\/ali-veste-katera-besedila-morate-prevesti-za-prodajo\\\/\",\"name\":\"Ali veste, katera besedila morate prevesti za prodajo? | AdriatIQa Prevodi, prevajalska agencija\",\"isPartOf\":{\"@id\":\"https:\\\/\\\/www.adriatiqa.com\\\/sl\\\/#website\"},\"datePublished\":\"2022-07-13T06:55:55+00:00\",\"dateModified\":\"2022-10-19T07:39:52+00:00\",\"description\":\"Nameravate prodajati izdelek ali izdelke na slovenskem trgu? Katera besedila morate pri prodaji izdelka pripraviti oziroma prevesti v slovenski jezik?\",\"breadcrumb\":{\"@id\":\"https:\\\/\\\/www.adriatiqa.com\\\/sl\\\/ali-veste-katera-besedila-morate-prevesti-za-prodajo\\\/#breadcrumb\"},\"inLanguage\":\"sl\",\"potentialAction\":[{\"@type\":\"ReadAction\",\"target\":[\"https:\\\/\\\/www.adriatiqa.com\\\/sl\\\/ali-veste-katera-besedila-morate-prevesti-za-prodajo\\\/\"]}]},{\"@type\":\"BreadcrumbList\",\"@id\":\"https:\\\/\\\/www.adriatiqa.com\\\/sl\\\/ali-veste-katera-besedila-morate-prevesti-za-prodajo\\\/#breadcrumb\",\"itemListElement\":[{\"@type\":\"ListItem\",\"position\":1,\"name\":\"Home\",\"item\":\"https:\\\/\\\/www.adriatiqa.com\\\/sl\\\/\"},{\"@type\":\"ListItem\",\"position\":2,\"name\":\"Ali veste, katera besedila morate prevesti za prodajo?\"}]},{\"@type\":\"WebSite\",\"@id\":\"https:\\\/\\\/www.adriatiqa.com\\\/sl\\\/#website\",\"url\":\"https:\\\/\\\/www.adriatiqa.com\\\/sl\\\/\",\"name\":\"AdriatIQa Prevodi, prevajalska agencija\",\"description\":\"Prevajanje, prevod v angle\u0161\u010dino, nem\u0161\u010dino\",\"publisher\":{\"@id\":\"https:\\\/\\\/www.adriatiqa.com\\\/sl\\\/#organization\"},\"potentialAction\":[{\"@type\":\"SearchAction\",\"target\":{\"@type\":\"EntryPoint\",\"urlTemplate\":\"https:\\\/\\\/www.adriatiqa.com\\\/sl\\\/?s={search_term_string}\"},\"query-input\":{\"@type\":\"PropertyValueSpecification\",\"valueRequired\":true,\"valueName\":\"search_term_string\"}}],\"inLanguage\":\"sl\"},{\"@type\":\"Organization\",\"@id\":\"https:\\\/\\\/www.adriatiqa.com\\\/sl\\\/#organization\",\"name\":\"ATE Globalis d.o.o.\",\"url\":\"https:\\\/\\\/www.adriatiqa.com\\\/sl\\\/\",\"logo\":{\"@type\":\"ImageObject\",\"inLanguage\":\"sl\",\"@id\":\"https:\\\/\\\/www.adriatiqa.com\\\/sl\\\/#\\\/schema\\\/logo\\\/image\\\/\",\"url\":\"https:\\\/\\\/www.adriatiqa.com\\\/wp-content\\\/uploads\\\/2012\\\/11\\\/adriatiqa-logo.png\",\"contentUrl\":\"https:\\\/\\\/www.adriatiqa.com\\\/wp-content\\\/uploads\\\/2012\\\/11\\\/adriatiqa-logo.png\",\"width\":297,\"height\":57,\"caption\":\"ATE Globalis d.o.o.\"},\"image\":{\"@id\":\"https:\\\/\\\/www.adriatiqa.com\\\/sl\\\/#\\\/schema\\\/logo\\\/image\\\/\"},\"sameAs\":[\"https:\\\/\\\/www.facebook.com\\\/AdriatIQa\",\"https:\\\/\\\/www.linkedin.com\\\/company\\\/adriatiqa-translations\"]}]}<\/script>\n<!-- \/ Yoast SEO plugin. -->","yoast_head_json":{"title":"Ali veste, katera besedila morate prevesti za prodajo? | AdriatIQa Prevodi, prevajalska agencija","description":"Nameravate prodajati izdelek ali izdelke na slovenskem trgu? Katera besedila morate pri prodaji izdelka pripraviti oziroma prevesti v slovenski jezik?","robots":{"index":"index","follow":"follow","max-snippet":"max-snippet:-1","max-image-preview":"max-image-preview:large","max-video-preview":"max-video-preview:-1"},"canonical":"https:\/\/www.adriatiqa.com\/sl\/ali-veste-katera-besedila-morate-prevesti-za-prodajo\/","twitter_misc":{"Est. reading time":"4 minutes"},"schema":{"@context":"https:\/\/schema.org","@graph":[{"@type":"WebPage","@id":"https:\/\/www.adriatiqa.com\/sl\/ali-veste-katera-besedila-morate-prevesti-za-prodajo\/","url":"https:\/\/www.adriatiqa.com\/sl\/ali-veste-katera-besedila-morate-prevesti-za-prodajo\/","name":"Ali veste, katera besedila morate prevesti za prodajo? | AdriatIQa Prevodi, prevajalska agencija","isPartOf":{"@id":"https:\/\/www.adriatiqa.com\/sl\/#website"},"datePublished":"2022-07-13T06:55:55+00:00","dateModified":"2022-10-19T07:39:52+00:00","description":"Nameravate prodajati izdelek ali izdelke na slovenskem trgu? Katera besedila morate pri prodaji izdelka pripraviti oziroma prevesti v slovenski jezik?","breadcrumb":{"@id":"https:\/\/www.adriatiqa.com\/sl\/ali-veste-katera-besedila-morate-prevesti-za-prodajo\/#breadcrumb"},"inLanguage":"sl","potentialAction":[{"@type":"ReadAction","target":["https:\/\/www.adriatiqa.com\/sl\/ali-veste-katera-besedila-morate-prevesti-za-prodajo\/"]}]},{"@type":"BreadcrumbList","@id":"https:\/\/www.adriatiqa.com\/sl\/ali-veste-katera-besedila-morate-prevesti-za-prodajo\/#breadcrumb","itemListElement":[{"@type":"ListItem","position":1,"name":"Home","item":"https:\/\/www.adriatiqa.com\/sl\/"},{"@type":"ListItem","position":2,"name":"Ali veste, katera besedila morate prevesti za prodajo?"}]},{"@type":"WebSite","@id":"https:\/\/www.adriatiqa.com\/sl\/#website","url":"https:\/\/www.adriatiqa.com\/sl\/","name":"AdriatIQa Prevodi, prevajalska agencija","description":"Prevajanje, prevod v angle\u0161\u010dino, nem\u0161\u010dino","publisher":{"@id":"https:\/\/www.adriatiqa.com\/sl\/#organization"},"potentialAction":[{"@type":"SearchAction","target":{"@type":"EntryPoint","urlTemplate":"https:\/\/www.adriatiqa.com\/sl\/?s={search_term_string}"},"query-input":{"@type":"PropertyValueSpecification","valueRequired":true,"valueName":"search_term_string"}}],"inLanguage":"sl"},{"@type":"Organization","@id":"https:\/\/www.adriatiqa.com\/sl\/#organization","name":"ATE Globalis d.o.o.","url":"https:\/\/www.adriatiqa.com\/sl\/","logo":{"@type":"ImageObject","inLanguage":"sl","@id":"https:\/\/www.adriatiqa.com\/sl\/#\/schema\/logo\/image\/","url":"https:\/\/www.adriatiqa.com\/wp-content\/uploads\/2012\/11\/adriatiqa-logo.png","contentUrl":"https:\/\/www.adriatiqa.com\/wp-content\/uploads\/2012\/11\/adriatiqa-logo.png","width":297,"height":57,"caption":"ATE Globalis d.o.o."},"image":{"@id":"https:\/\/www.adriatiqa.com\/sl\/#\/schema\/logo\/image\/"},"sameAs":["https:\/\/www.facebook.com\/AdriatIQa","https:\/\/www.linkedin.com\/company\/adriatiqa-translations"]}]}},"_links":{"self":[{"href":"https:\/\/www.adriatiqa.com\/sl\/wp-json\/wp\/v2\/pages\/5939","targetHints":{"allow":["GET"]}}],"collection":[{"href":"https:\/\/www.adriatiqa.com\/sl\/wp-json\/wp\/v2\/pages"}],"about":[{"href":"https:\/\/www.adriatiqa.com\/sl\/wp-json\/wp\/v2\/types\/page"}],"author":[{"embeddable":true,"href":"https:\/\/www.adriatiqa.com\/sl\/wp-json\/wp\/v2\/users\/4"}],"replies":[{"embeddable":true,"href":"https:\/\/www.adriatiqa.com\/sl\/wp-json\/wp\/v2\/comments?post=5939"}],"version-history":[{"count":6,"href":"https:\/\/www.adriatiqa.com\/sl\/wp-json\/wp\/v2\/pages\/5939\/revisions"}],"predecessor-version":[{"id":5957,"href":"https:\/\/www.adriatiqa.com\/sl\/wp-json\/wp\/v2\/pages\/5939\/revisions\/5957"}],"wp:attachment":[{"href":"https:\/\/www.adriatiqa.com\/sl\/wp-json\/wp\/v2\/media?parent=5939"}],"curies":[{"name":"wp","href":"https:\/\/api.w.org\/{rel}","templated":true}]}}