{"id":5946,"date":"2022-07-04T10:18:14","date_gmt":"2022-07-04T08:18:14","guid":{"rendered":"https:\/\/www.adriatiqa.com\/?page_id=5946"},"modified":"2022-10-19T09:51:00","modified_gmt":"2022-10-19T07:51:00","slug":"kaj-bomo-pa-letos-brali-na-morju","status":"publish","type":"page","link":"https:\/\/www.adriatiqa.com\/sl\/kaj-bomo-pa-letos-brali-na-morju\/","title":{"rendered":"Kaj bomo pa letos brali na morju?"},"content":{"rendered":"<p>[vc_column_text width=&#8221;2\/3&#8243; el_position=&#8221;first&#8221;]<\/p>\n<p><b>Poletje je kon\u010dno tu in verjetno lahko tudi letos res iskreno re\u010demo, da smo ga \u017ee komaj \u010dakali. Med drugim zagotovo tudi zato, ker bomo kon\u010dno imeli malce ve\u010d \u010dasa za prijetnej\u0161e stvari v \u017eivljenju. Mednje nedvomno spada tudi pole\u017eavanje na pla\u017ei v dru\u017ebi dobre knjige. \u017de lani smo si ogledali, kaj v poletnem \u010dasu najraje beremo Slovenci, sedaj pa bomo preverili, kaj bomo v roke vzeli to poletje. Pobrskali smo po seznamih najbolj izposojenih knjig v slovenskih knji\u017enicah in po seznamih najbolj prodajanih knjig v slovenskih knjigarnah ter na\u0161li cel kup odli\u010dnih del. \u010ce \u0161e vedno i\u0161\u010dete kak\u0161no dobro idejo za svoje pla\u017eno \u010dtivo, smo prepri\u010dani, da vas ta \u010daka v naslednjih vrsticah. Pa poglejmo!<\/b><\/p>\n<p>&nbsp;<\/p>\n<h4><span style=\"color: #0099cc;\"><b>Kriminalke<\/b><\/span><\/h4>\n<p>Dobre kriminalke zagotovo spadajo med tiste vrste knjig, ki jih poleti najraje prebiramo. Z napeto zgodbo poskrbijo, da nam ob branju nikdar ni dolg\u010das, poleg tega pa zagotavljajo prijetno sprostitev po dolgem, napornem delovnem letu. In katere kriminalke so med najbolj priljubljenimi letos?<\/p>\n<ul>\n<li>Tadej Golob: Virus<\/li>\n<li>Avgust Dem\u0161ar: Tajkun<\/li>\n<li>Jo Nesb\u00f8: Kraljestvo<\/li>\n<li>Harlan Coben: Ni\u010d ne ostane skrito<\/li>\n<li>Ragnar J\u00f3nasson: Sne\u017ena slepota<\/li>\n<\/ul>\n<p>&nbsp;<\/p>\n<h4><span style=\"color: #0099cc;\"><b>Knjige za osebno rast<\/b><\/span><\/h4>\n<p>Poletje je pogosto \u010das, ko si vzamemo malce ve\u010d \u010dasa za razmislek o svojem \u017eivljenju. \u0160e posebej pogosto to po\u010dnemo v po\u010ditni\u0161kih dneh, saj imamo takrat za to pa\u010d na voljo nekoliko ve\u010d \u010dasa. \u010ce potrebujete malce navdiha ali pa le i\u0161\u010dete kak dober nasvet, kako spremeniti in izbolj\u0161ati svoje \u017eivljenje, preberite katerega od naslednjih del.<\/p>\n<ul>\n<li>Aljo\u0161a Bagola: Sre\u010do, prosim<\/li>\n<li>Jordan B. Peterson: Onkraj reda: \u0161e 12 pravil za \u017eivljenje<\/li>\n<li>Karel Gr\u017ean: Ta krasni nori svet: \u010dlove\u0161tvo na prelomnici<\/li>\n<li>Bernardo Stamateas: Toksi\u010dni ljudje: osvobodite se ljudi in navad, ki vam grenijo \u017eivljenje<\/li>\n<li>Bojana Ivanovi\u0107: Poskrbi najprej za svojo rit<\/li>\n<\/ul>\n<p>&nbsp;<\/p>\n<h4><span style=\"color: #0099cc;\"><b>Ljubezenski romani<\/b><\/span><\/h4>\n<p>Dolgo, vro\u010de poletje je tudi odli\u010den \u010das za u\u017eivanje v poletnih avanturah \u2013 ali pa vsaj za sanjarjenje o njih, kajne? \u010ce si \u017eelite privo\u0161\u010diti kak\u0161no dobro ljubezensko zgodbo in tako \u0161e popestriti svoje poletne dni, vam predlagamo, da se lotite katerega od naslednjih naslovov, ki jih \u0161tevilni bralci z veseljem vzamejo v roke.<\/p>\n<ul>\n<li>Rebecca Serle: \u010cez pet let<\/li>\n<li>Muriel Barbery: En sam cvet<\/li>\n<li>Marc Levy: Zaljubljeni duh<\/li>\n<li>Tja\u0161a Ga\u0161pari\u010d: No\u010dno nebo<\/li>\n<li>Sarah Winman: Srce v oklepu<\/li>\n<\/ul>\n<p>&nbsp;<\/p>\n<h4><span style=\"color: #0099cc;\"><b>Roman<\/b><\/span><\/h4>\n<p>Kakovostni romani, ki pritegnejo na\u0161o pozornost in zaposlijo na\u0161e misli, so zagotovo med vrhunci vsakega poletja. Vsako leto nas avtorji razveselijo z novimi zgodbami, ki jih z veseljem prebiramo pod bli\u017enjo palmo \u2013 ali pa kar na doma\u010dem kav\u010du. In katere so tiste zgodbe, ki jih najraje beremo letos?<\/p>\n<ul>\n<li>Drago Jan\u010dar: Ob nastanku sveta<\/li>\n<li>Elena Ferrante: Zlagano \u017eivljenje odraslih<\/li>\n<li>Bronja \u017dakelj: Belo se pere na devetdeset<\/li>\n<li>Irena Svetek: Rde\u010da kapica<\/li>\n<li>Erica Johnson Debeljak: Devica, kraljica, vdova, prasica<\/li>\n<\/ul>\n<p>&nbsp;<\/p>\n<h4><span style=\"color: #0099cc;\"><b>Spomini, \u017eivljenjepisi, biografije in resni\u010dne zgodbe<\/b><\/span><\/h4>\n<p>Vas zanimajo \u017eivljenja drugih ljudi? Pogosto so njihove zgodbe lahko precej zanimive, zato ni prav ni\u010d \u010dudnega, da tudi v poletnih dneh radi prebiramo razli\u010dne spomine, \u017eivljenjepise, biografije in resni\u010dne zgodbe. Med tistimi najbolj priljubljenimi so v leto\u0161njem poletnem \u010dasu predvsem naslednji naslovi.<\/p>\n<ul>\n<li>Miha \u0160alehar: Pustolovec zmote : pateti\u010dni priro\u010dnik za razumevanje priletnega alfa samca<\/li>\n<li>Sophie Benedict: Grace in milina ljubezni<\/li>\n<li>Kristina Kuzmi\u010d: Dr\u017ei se!: upanje in humor iz mojega nepopolnega \u017eivljenja<\/li>\n<li>Colin Rushton: Saboter iz Auschwitza: navdihujo\u010da resni\u010dna zgodba britanskega vojaka, ki je kot vojni ujetnik pre\u017eivel Auschwitz<\/li>\n<li>Irvin D. Yalom: Kako sem postal, kar sem &#8211; Psihiatrovi spomini<\/li>\n<\/ul>\n<p>&nbsp;<\/p>\n<p>Viri:<\/p>\n<ul>\n<li><a href=\"https:\/\/plus.cobiss.si\/most-read-web\/#libAcronym&amp;libType&amp;periodFrom=202205&amp;periodTo=202205&amp;pubType=1&amp;publishYear\">Seznam najpogosteje izposojenega gradiva v knji\u017enicah<\/a>.<\/li>\n<li><a href=\"https:\/\/www.emka.si\/webapp\/wcs\/stores\/servlet\/sl\/emkasi\/top100#facet:&amp;productBeginIndex:0&amp;facetLimit:&amp;orderBy:&amp;pageView:&amp;minPrice:&amp;maxPrice:&amp;pageSize:&amp;\">Najbolj prodajanih 100 knjig v Sloveniji \u2013 Emka.si<\/a>.<\/li>\n<\/ul>\n<p>[\/vc_column_text] [vc_single_image image=&#8221;5961&#8243; img_size=&#8221;full&#8221; img_link_target=&#8221;pphoto&#8221; width=&#8221;1\/3&#8243; el_position=&#8221;last&#8221;]<\/p>\n","protected":false},"excerpt":{"rendered":"<p>[vc_column_text width=&#8221;2\/3&#8243; el_position=&#8221;first&#8221;] Poletje je kon\u010dno tu in verjetno lahko tudi letos res iskreno re\u010demo, da smo ga \u017ee komaj&#8230;<\/p>\n","protected":false},"author":4,"featured_media":0,"parent":0,"menu_order":0,"comment_status":"closed","ping_status":"closed","template":"","meta":{"footnotes":""},"class_list":["post-5946","page","type-page","status-publish"],"yoast_head":"<!-- This site is optimized with the Yoast SEO plugin v27.5 - https:\/\/yoast.com\/product\/yoast-seo-wordpress\/ -->\n<title>Kaj bomo pa letos brali na morju? | AdriatIQa Prevodi, prevajalska agencija<\/title>\n<meta name=\"description\" content=\"Poletje je tu in verjetno lahko tudi letos re\u010demo, da smo ga komaj \u010dakali. Seveda zato, ker bomo kon\u010dno imeli \u010das za prijetnej\u0161e stvari - tudi dobre knjige.\" \/>\n<meta name=\"robots\" content=\"index, follow, max-snippet:-1, max-image-preview:large, max-video-preview:-1\" \/>\n<link rel=\"canonical\" href=\"https:\/\/www.adriatiqa.com\/sl\/kaj-bomo-pa-letos-brali-na-morju\/\" \/>\n<meta name=\"twitter:label1\" content=\"Est. reading time\" \/>\n\t<meta name=\"twitter:data1\" content=\"3 minutes\" \/>\n<script type=\"application\/ld+json\" class=\"yoast-schema-graph\">{\"@context\":\"https:\\\/\\\/schema.org\",\"@graph\":[{\"@type\":\"WebPage\",\"@id\":\"https:\\\/\\\/www.adriatiqa.com\\\/sl\\\/kaj-bomo-pa-letos-brali-na-morju\\\/\",\"url\":\"https:\\\/\\\/www.adriatiqa.com\\\/sl\\\/kaj-bomo-pa-letos-brali-na-morju\\\/\",\"name\":\"Kaj bomo pa letos brali na morju? | AdriatIQa Prevodi, prevajalska agencija\",\"isPartOf\":{\"@id\":\"https:\\\/\\\/www.adriatiqa.com\\\/sl\\\/#website\"},\"datePublished\":\"2022-07-04T08:18:14+00:00\",\"dateModified\":\"2022-10-19T07:51:00+00:00\",\"description\":\"Poletje je tu in verjetno lahko tudi letos re\u010demo, da smo ga komaj \u010dakali. Seveda zato, ker bomo kon\u010dno imeli \u010das za prijetnej\u0161e stvari - tudi dobre knjige.\",\"breadcrumb\":{\"@id\":\"https:\\\/\\\/www.adriatiqa.com\\\/sl\\\/kaj-bomo-pa-letos-brali-na-morju\\\/#breadcrumb\"},\"inLanguage\":\"sl\",\"potentialAction\":[{\"@type\":\"ReadAction\",\"target\":[\"https:\\\/\\\/www.adriatiqa.com\\\/sl\\\/kaj-bomo-pa-letos-brali-na-morju\\\/\"]}]},{\"@type\":\"BreadcrumbList\",\"@id\":\"https:\\\/\\\/www.adriatiqa.com\\\/sl\\\/kaj-bomo-pa-letos-brali-na-morju\\\/#breadcrumb\",\"itemListElement\":[{\"@type\":\"ListItem\",\"position\":1,\"name\":\"Home\",\"item\":\"https:\\\/\\\/www.adriatiqa.com\\\/sl\\\/\"},{\"@type\":\"ListItem\",\"position\":2,\"name\":\"Kaj bomo pa letos brali na morju?\"}]},{\"@type\":\"WebSite\",\"@id\":\"https:\\\/\\\/www.adriatiqa.com\\\/sl\\\/#website\",\"url\":\"https:\\\/\\\/www.adriatiqa.com\\\/sl\\\/\",\"name\":\"AdriatIQa Prevodi, prevajalska agencija\",\"description\":\"Prevajanje, prevod v angle\u0161\u010dino, nem\u0161\u010dino\",\"publisher\":{\"@id\":\"https:\\\/\\\/www.adriatiqa.com\\\/sl\\\/#organization\"},\"potentialAction\":[{\"@type\":\"SearchAction\",\"target\":{\"@type\":\"EntryPoint\",\"urlTemplate\":\"https:\\\/\\\/www.adriatiqa.com\\\/sl\\\/?s={search_term_string}\"},\"query-input\":{\"@type\":\"PropertyValueSpecification\",\"valueRequired\":true,\"valueName\":\"search_term_string\"}}],\"inLanguage\":\"sl\"},{\"@type\":\"Organization\",\"@id\":\"https:\\\/\\\/www.adriatiqa.com\\\/sl\\\/#organization\",\"name\":\"ATE Globalis d.o.o.\",\"url\":\"https:\\\/\\\/www.adriatiqa.com\\\/sl\\\/\",\"logo\":{\"@type\":\"ImageObject\",\"inLanguage\":\"sl\",\"@id\":\"https:\\\/\\\/www.adriatiqa.com\\\/sl\\\/#\\\/schema\\\/logo\\\/image\\\/\",\"url\":\"https:\\\/\\\/www.adriatiqa.com\\\/wp-content\\\/uploads\\\/2012\\\/11\\\/adriatiqa-logo.png\",\"contentUrl\":\"https:\\\/\\\/www.adriatiqa.com\\\/wp-content\\\/uploads\\\/2012\\\/11\\\/adriatiqa-logo.png\",\"width\":297,\"height\":57,\"caption\":\"ATE Globalis d.o.o.\"},\"image\":{\"@id\":\"https:\\\/\\\/www.adriatiqa.com\\\/sl\\\/#\\\/schema\\\/logo\\\/image\\\/\"},\"sameAs\":[\"https:\\\/\\\/www.facebook.com\\\/AdriatIQa\",\"https:\\\/\\\/www.linkedin.com\\\/company\\\/adriatiqa-translations\"]}]}<\/script>\n<!-- \/ Yoast SEO plugin. -->","yoast_head_json":{"title":"Kaj bomo pa letos brali na morju? | AdriatIQa Prevodi, prevajalska agencija","description":"Poletje je tu in verjetno lahko tudi letos re\u010demo, da smo ga komaj \u010dakali. Seveda zato, ker bomo kon\u010dno imeli \u010das za prijetnej\u0161e stvari - tudi dobre knjige.","robots":{"index":"index","follow":"follow","max-snippet":"max-snippet:-1","max-image-preview":"max-image-preview:large","max-video-preview":"max-video-preview:-1"},"canonical":"https:\/\/www.adriatiqa.com\/sl\/kaj-bomo-pa-letos-brali-na-morju\/","twitter_misc":{"Est. reading time":"3 minutes"},"schema":{"@context":"https:\/\/schema.org","@graph":[{"@type":"WebPage","@id":"https:\/\/www.adriatiqa.com\/sl\/kaj-bomo-pa-letos-brali-na-morju\/","url":"https:\/\/www.adriatiqa.com\/sl\/kaj-bomo-pa-letos-brali-na-morju\/","name":"Kaj bomo pa letos brali na morju? | AdriatIQa Prevodi, prevajalska agencija","isPartOf":{"@id":"https:\/\/www.adriatiqa.com\/sl\/#website"},"datePublished":"2022-07-04T08:18:14+00:00","dateModified":"2022-10-19T07:51:00+00:00","description":"Poletje je tu in verjetno lahko tudi letos re\u010demo, da smo ga komaj \u010dakali. Seveda zato, ker bomo kon\u010dno imeli \u010das za prijetnej\u0161e stvari - tudi dobre knjige.","breadcrumb":{"@id":"https:\/\/www.adriatiqa.com\/sl\/kaj-bomo-pa-letos-brali-na-morju\/#breadcrumb"},"inLanguage":"sl","potentialAction":[{"@type":"ReadAction","target":["https:\/\/www.adriatiqa.com\/sl\/kaj-bomo-pa-letos-brali-na-morju\/"]}]},{"@type":"BreadcrumbList","@id":"https:\/\/www.adriatiqa.com\/sl\/kaj-bomo-pa-letos-brali-na-morju\/#breadcrumb","itemListElement":[{"@type":"ListItem","position":1,"name":"Home","item":"https:\/\/www.adriatiqa.com\/sl\/"},{"@type":"ListItem","position":2,"name":"Kaj bomo pa letos brali na morju?"}]},{"@type":"WebSite","@id":"https:\/\/www.adriatiqa.com\/sl\/#website","url":"https:\/\/www.adriatiqa.com\/sl\/","name":"AdriatIQa Prevodi, prevajalska agencija","description":"Prevajanje, prevod v angle\u0161\u010dino, nem\u0161\u010dino","publisher":{"@id":"https:\/\/www.adriatiqa.com\/sl\/#organization"},"potentialAction":[{"@type":"SearchAction","target":{"@type":"EntryPoint","urlTemplate":"https:\/\/www.adriatiqa.com\/sl\/?s={search_term_string}"},"query-input":{"@type":"PropertyValueSpecification","valueRequired":true,"valueName":"search_term_string"}}],"inLanguage":"sl"},{"@type":"Organization","@id":"https:\/\/www.adriatiqa.com\/sl\/#organization","name":"ATE Globalis d.o.o.","url":"https:\/\/www.adriatiqa.com\/sl\/","logo":{"@type":"ImageObject","inLanguage":"sl","@id":"https:\/\/www.adriatiqa.com\/sl\/#\/schema\/logo\/image\/","url":"https:\/\/www.adriatiqa.com\/wp-content\/uploads\/2012\/11\/adriatiqa-logo.png","contentUrl":"https:\/\/www.adriatiqa.com\/wp-content\/uploads\/2012\/11\/adriatiqa-logo.png","width":297,"height":57,"caption":"ATE Globalis d.o.o."},"image":{"@id":"https:\/\/www.adriatiqa.com\/sl\/#\/schema\/logo\/image\/"},"sameAs":["https:\/\/www.facebook.com\/AdriatIQa","https:\/\/www.linkedin.com\/company\/adriatiqa-translations"]}]}},"_links":{"self":[{"href":"https:\/\/www.adriatiqa.com\/sl\/wp-json\/wp\/v2\/pages\/5946","targetHints":{"allow":["GET"]}}],"collection":[{"href":"https:\/\/www.adriatiqa.com\/sl\/wp-json\/wp\/v2\/pages"}],"about":[{"href":"https:\/\/www.adriatiqa.com\/sl\/wp-json\/wp\/v2\/types\/page"}],"author":[{"embeddable":true,"href":"https:\/\/www.adriatiqa.com\/sl\/wp-json\/wp\/v2\/users\/4"}],"replies":[{"embeddable":true,"href":"https:\/\/www.adriatiqa.com\/sl\/wp-json\/wp\/v2\/comments?post=5946"}],"version-history":[{"count":5,"href":"https:\/\/www.adriatiqa.com\/sl\/wp-json\/wp\/v2\/pages\/5946\/revisions"}],"predecessor-version":[{"id":5960,"href":"https:\/\/www.adriatiqa.com\/sl\/wp-json\/wp\/v2\/pages\/5946\/revisions\/5960"}],"wp:attachment":[{"href":"https:\/\/www.adriatiqa.com\/sl\/wp-json\/wp\/v2\/media?parent=5946"}],"curies":[{"name":"wp","href":"https:\/\/api.w.org\/{rel}","templated":true}]}}